{"id":43688,"date":"2026-05-09T22:48:33","date_gmt":"2026-05-09T19:48:33","guid":{"rendered":"https:\/\/www.gasia.com.tr\/?post_type=product&#038;p=43688"},"modified":"2026-05-12T17:24:16","modified_gmt":"2026-05-12T14:24:16","slug":"turkuaz-cicek-detayli-dogal-sedef-altin-kolye","status":"publish","type":"product","link":"https:\/\/www.gasia.com.tr\/en\/collections\/turkuaz-cicek-detayli-dogal-sedef-altin-kolye\/","title":{"rendered":"Turkuaz \u00c7i\u00e7ek Detayl\u0131 Do\u011fal Sedef Alt\u0131n Kolye"},"content":{"rendered":"<p data-start=\"65\" data-end=\"558\">Do\u011fal sedefin organik parlakl\u0131\u011f\u0131 \u00fczerine yerle\u015ftirilen turkuaz \u00e7i\u00e7ek detay\u0131 ve merkezindeki p\u0131rlanta dokunu\u015fuyla tasarlanan bu \u00f6zel kolye, zarif do\u011fa ilham\u0131n\u0131 modern m\u00fccevher \u00e7izgileriyle bulu\u015fturuyor. Sedefin e\u015fsiz y\u00fczeyi ve canl\u0131 turkuaz tonu, rose alt\u0131n zincirle birle\u015ferek yumu\u015fak ama dikkat \u00e7ekici bir g\u00f6r\u00fcn\u00fcm olu\u015fturuyor. G\u00fcnl\u00fck kullan\u0131mdan \u00f6zel davetlere kadar farkl\u0131 stillerle uyum sa\u011flayan tasar\u0131m, do\u011fal ta\u015f ve \u00f6zg\u00fcn m\u00fccevher severler i\u00e7in g\u00fc\u00e7l\u00fc bir karakter sunuyor.<\/p>\n<p data-start=\"560\" data-end=\"1444\" data-is-last-node=\"\" data-is-only-node=\"\">","protected":false},"excerpt":{"rendered":"<ul>\n<li>18 Ayar Alt\u0131n<\/li>\n<li>0,02 ct P\u0131rlanta<\/li>\n<li>1 adet Do\u011fal Barok \u0130nci<\/li>\n<li>1 adet \u00e7i\u00e7ek Turkuaz<\/li>\n<li>42\u00a0 cm Uzunlu\u011funda Zincir<\/li>\n<\/ul>","protected":false},"featured_media":43649,"comment_status":"open","ping_status":"closed","template":"","meta":[],"product_brand":[2718,2719],"product_cat":[247,4482,260],"product_tag":[278,405,3122,4329,4026,2703,3905,352,3299,4326,1623,1637,4290,1655,4234,4328,811,322,3148,473,1417,493,277,4331,987,4334,2882,3304,483,3203,472,4173,2139,977,4330,4251,489,2678,1674,4327,4332,422,2073,4333,476],"class_list":{"0":"post-43688","1":"product","2":"type-product","3":"status-publish","4":"has-post-thumbnail","6":"product_brand-gasia-casuals","7":"product_brand-gasia-protect","8":"product_cat-hediyelik","9":"product_cat-inci-dunyasi","10":"product_cat-kadin","11":"product_tag-altin-kolye","12":"product_tag-artisan-jewelry","13":"product_tag-artistic-jewelry","14":"product_tag-bohemian-luxury-jewelry","15":"product_tag-chic-necklace","16":"product_tag-cicek-kolye","17":"product_tag-collectible-jewelry","18":"product_tag-contemporary-jewelry","19":"product_tag-designer-jewelry","20":"product_tag-dogal-sedef-kolye","21":"product_tag-dogal-tas-kolye","22":"product_tag-elegant-necklace","23":"product_tag-feminine-jewelry","24":"product_tag-fine-jewelry","25":"product_tag-floral-jewelry","26":"product_tag-floral-pendant-necklace","27":"product_tag-gemstone-necklace","28":"product_tag-gold-necklace","29":"product_tag-handcrafted-necklace","30":"product_tag-kadin-kolye","31":"product_tag-luxury-necklace","32":"product_tag-luxury-pendant","33":"product_tag-modern-kolye","34":"product_tag-modern-luxury-necklace","35":"product_tag-mother-of-pearl-necklace","36":"product_tag-natural-pearl-shell","37":"product_tag-nature-inspired-jewelry","38":"product_tag-organic-jewelry","39":"product_tag-ozel-tasarim-kolye","40":"product_tag-pearl-shell-necklace","41":"product_tag-pirlanta-detayli-kolye","42":"product_tag-premium-jewelry","43":"product_tag-rose-gold-necklace","44":"product_tag-sedef-kolye","45":"product_tag-shell-pendant-necklace","46":"product_tag-sophisticated-jewelry","47":"product_tag-statement-necklace","48":"product_tag-stylish-necklace","49":"product_tag-turkuaz-kolye","50":"product_tag-turquoise-flower-necklace","51":"product_tag-turquoise-flower-pendant","52":"product_tag-turquoise-jewelry","53":"product_tag-unique-necklace","54":"product_tag-white-shell-jewelry","55":"product_tag-zarif-kolye","56":"pa_cinsiyet-kadin","58":"first","59":"instock","60":"sale","61":"shipping-taxable","62":"purchasable","63":"product-type-simple"},"_links":{"self":[{"href":"https:\/\/www.gasia.com.tr\/en\/wp-json\/wp\/v2\/product\/43688","targetHints":{"allow":["GET"]}}],"collection":[{"href":"https:\/\/www.gasia.com.tr\/en\/wp-json\/wp\/v2\/product"}],"about":[{"href":"https:\/\/www.gasia.com.tr\/en\/wp-json\/wp\/v2\/types\/product"}],"replies":[{"embeddable":true,"href":"https:\/\/www.gasia.com.tr\/en\/wp-json\/wp\/v2\/comments?post=43688"}],"version-history":[{"count":3,"href":"https:\/\/www.gasia.com.tr\/en\/wp-json\/wp\/v2\/product\/43688\/revisions"}],"predecessor-version":[{"id":43770,"href":"https:\/\/www.gasia.com.tr\/en\/wp-json\/wp\/v2\/product\/43688\/revisions\/43770"}],"wp:featuredmedia":[{"embeddable":true,"href":"https:\/\/www.gasia.com.tr\/en\/wp-json\/wp\/v2\/media\/43649"}],"wp:attachment":[{"href":"https:\/\/www.gasia.com.tr\/en\/wp-json\/wp\/v2\/media?parent=43688"}],"wp:term":[{"taxonomy":"product_brand","embeddable":true,"href":"https:\/\/www.gasia.com.tr\/en\/wp-json\/wp\/v2\/product_brand?post=43688"},{"taxonomy":"product_cat","embeddable":true,"href":"https:\/\/www.gasia.com.tr\/en\/wp-json\/wp\/v2\/product_cat?post=43688"},{"taxonomy":"product_tag","embeddable":true,"href":"https:\/\/www.gasia.com.tr\/en\/wp-json\/wp\/v2\/product_tag?post=43688"}],"curies":[{"name":"wp","href":"https:\/\/api.w.org\/{rel}","templated":true}]}}