{"id":43691,"date":"2026-05-09T22:49:44","date_gmt":"2026-05-09T19:49:44","guid":{"rendered":"https:\/\/www.gasia.com.tr\/?post_type=product&#038;p=43691"},"modified":"2026-05-12T22:26:53","modified_gmt":"2026-05-12T19:26:53","slug":"okside-gumus-siyah-hac-tasarim-kolye","status":"publish","type":"product","link":"https:\/\/www.gasia.com.tr\/en\/collections\/okside-gumus-siyah-hac-tasarim-kolye\/","title":{"rendered":"Okside G\u00fcm\u00fc\u015f Siyah Ha\u00e7 Tasar\u0131m Kolye"},"content":{"rendered":"<p data-start=\"56\" data-end=\"545\">Parlak siyah ha\u00e7 formu ve okside g\u00fcm\u00fc\u015f detaylar\u0131n modern uyumuyla tasarlanan bu \u00f6zel kolye, g\u00fc\u00e7l\u00fc sembolik \u00e7izgileri minimal m\u00fccevher esteti\u011fiyle bulu\u015fturuyor. \u00dcst b\u00f6l\u00fcmde yer alan \u0131\u015f\u0131k yans\u0131mal\u0131 ta\u015f detay\u0131 tasar\u0131ma zarif bir parlakl\u0131k katarken, sade ama etkileyici g\u00f6r\u00fcn\u00fcm\u00fc g\u00fcnl\u00fck stil ve \u00f6zel kombinlerde dikkat \u00e7ekici bir duru\u015f olu\u015fturuyor. Modern gotik esintiler ta\u015f\u0131yan bu tasar\u0131m, karakter sahibi ve \u00f6zg\u00fcn aksesuar arayanlar i\u00e7in g\u00fc\u00e7l\u00fc bir stil tamamlay\u0131c\u0131s\u0131 sunuyor.<\/p>\n<p data-start=\"547\" data-end=\"1295\" data-is-last-node=\"\" data-is-only-node=\"\">","protected":false},"excerpt":{"rendered":"<ul>\n<li>18 Ayar Alt\u0131n<\/li>\n<li>925 Ayar Okside g\u00fcm\u00fc\u015f Ha\u00e7<\/li>\n<li>0,05 ct 1 adet beyaz P\u0131rlanta<\/li>\n<li>0,07 ct Siyah P\u0131rlanta<\/li>\n<li>1,01 ct Elmas Kesim Beyaz Safir<\/li>\n<li>40 cm uzunlu\u011funda Zincir<\/li>\n<\/ul>","protected":false},"featured_media":43648,"comment_status":"open","ping_status":"closed","template":"","meta":[],"product_brand":[2718,2719],"product_cat":[4529],"product_tag":[405,4342,4336,4064,3905,352,4337,4339,633,2926,481,4341,1655,4185,465,3853,2891,4343,473,1668,493,1767,4340,742,277,1365,3474,490,483,4173,4338,1618,4335,2593,489,2678,2679,1857,2907],"class_list":{"0":"post-43691","1":"product","2":"type-product","3":"status-publish","4":"has-post-thumbnail","6":"product_brand-gasia-casuals","7":"product_brand-gasia-protect","8":"product_cat-dini-semboller","9":"product_tag-artisan-jewelry","10":"product_tag-black-aesthetic-jewelry","11":"product_tag-black-cross-necklace","12":"product_tag-chic-jewelry","13":"product_tag-collectible-jewelry","14":"product_tag-contemporary-jewelry","15":"product_tag-cross-pendant-necklace","16":"product_tag-dark-jewelry","17":"product_tag-designer-necklace","18":"product_tag-elegant-jewelry","19":"product_tag-erkek-kolye","20":"product_tag-fashionable-necklace","21":"product_tag-fine-jewelry","22":"product_tag-geometric-jewelry","23":"product_tag-gothic-jewelry","24":"product_tag-hac-kolye","25":"product_tag-handmade-jewelry","26":"product_tag-iconic-necklace","27":"product_tag-kadin-kolye","28":"product_tag-luxury-jewelry","29":"product_tag-luxury-pendant","30":"product_tag-minimalist-necklace","31":"product_tag-modern-gothic-necklace","32":"product_tag-modern-jewelry","33":"product_tag-modern-kolye","34":"product_tag-okside-gumus-kolye","35":"product_tag-oksitli-gumus-kolye","36":"product_tag-oxidized-silver-necklace","37":"product_tag-ozel-tasarim-kolye","38":"product_tag-premium-jewelry","39":"product_tag-silver-cross-necklace","40":"product_tag-silver-pendant-necklace","41":"product_tag-siyah-hac-kolye","42":"product_tag-spiritual-jewelry","43":"product_tag-statement-necklace","44":"product_tag-stylish-necklace","45":"product_tag-symbolic-jewelry","46":"product_tag-trendy-jewelry","47":"product_tag-unisex-jewelry","48":"pa_cinsiyet-kadin","50":"first","51":"instock","52":"sale","53":"shipping-taxable","54":"purchasable","55":"product-type-simple"},"_links":{"self":[{"href":"https:\/\/www.gasia.com.tr\/en\/wp-json\/wp\/v2\/product\/43691","targetHints":{"allow":["GET"]}}],"collection":[{"href":"https:\/\/www.gasia.com.tr\/en\/wp-json\/wp\/v2\/product"}],"about":[{"href":"https:\/\/www.gasia.com.tr\/en\/wp-json\/wp\/v2\/types\/product"}],"replies":[{"embeddable":true,"href":"https:\/\/www.gasia.com.tr\/en\/wp-json\/wp\/v2\/comments?post=43691"}],"version-history":[{"count":3,"href":"https:\/\/www.gasia.com.tr\/en\/wp-json\/wp\/v2\/product\/43691\/revisions"}],"predecessor-version":[{"id":43769,"href":"https:\/\/www.gasia.com.tr\/en\/wp-json\/wp\/v2\/product\/43691\/revisions\/43769"}],"wp:featuredmedia":[{"embeddable":true,"href":"https:\/\/www.gasia.com.tr\/en\/wp-json\/wp\/v2\/media\/43648"}],"wp:attachment":[{"href":"https:\/\/www.gasia.com.tr\/en\/wp-json\/wp\/v2\/media?parent=43691"}],"wp:term":[{"taxonomy":"product_brand","embeddable":true,"href":"https:\/\/www.gasia.com.tr\/en\/wp-json\/wp\/v2\/product_brand?post=43691"},{"taxonomy":"product_cat","embeddable":true,"href":"https:\/\/www.gasia.com.tr\/en\/wp-json\/wp\/v2\/product_cat?post=43691"},{"taxonomy":"product_tag","embeddable":true,"href":"https:\/\/www.gasia.com.tr\/en\/wp-json\/wp\/v2\/product_tag?post=43691"}],"curies":[{"name":"wp","href":"https:\/\/api.w.org\/{rel}","templated":true}]}}