{"id":43694,"date":"2026-05-09T22:50:58","date_gmt":"2026-05-09T19:50:58","guid":{"rendered":"https:\/\/www.gasia.com.tr\/?post_type=product&#038;p=43694"},"modified":"2026-05-13T11:19:28","modified_gmt":"2026-05-13T08:19:28","slug":"sedef-uzerine-altin-allah-yazili-tasarim-kolye","status":"publish","type":"product","link":"https:\/\/www.gasia.com.tr\/en\/collections\/sedef-uzerine-altin-allah-yazili-tasarim-kolye\/","title":{"rendered":"Sedef \u00dczerine Alt\u0131n Allah Yaz\u0131l\u0131 Tasar\u0131m Kolye"},"content":{"rendered":"<p data-start=\"66\" data-end=\"574\">Do\u011fal sedefin yumu\u015fak \u0131\u015f\u0131lt\u0131s\u0131 \u00fczerine yerle\u015ftirilen alt\u0131n Allah yaz\u0131s\u0131 detay\u0131yla tasarlanan bu \u00f6zel kolye, manevi anlam\u0131 modern m\u00fccevher esteti\u011fiyle bulu\u015fturuyor. Minimal yuvarlak formu ve sade \u00e7izgileri sayesinde g\u00fcnl\u00fck kullan\u0131mdan \u00f6zel anlara kadar zarif bir uyum sunarken, do\u011fal sedef y\u00fczeyin kendine \u00f6zg\u00fc parlakl\u0131\u011f\u0131 tasar\u0131ma sofistike bir g\u00f6r\u00fcn\u00fcm kazand\u0131r\u0131yor. Anlam ta\u015f\u0131yan modern tak\u0131lar aras\u0131nda \u00f6ne \u00e7\u0131kan bu kolye, zarif ve g\u00fc\u00e7l\u00fc bir sembol arayanlar i\u00e7in \u00f6zel bir se\u00e7im olu\u015fturuyor.<\/p>\n<p data-start=\"576\" data-end=\"1380\" data-is-last-node=\"\" data-is-only-node=\"\">","protected":false},"excerpt":{"rendered":"<ul>\n<li>18 Ayar 2,26 gram Alt\u0131n<\/li>\n<li>45 cm Zincir Uzunlu\u011fu<\/li>\n<li>16 mm \u00c7ap\u0131nda Do\u011fal Sedef<\/li>\n<\/ul>","protected":false},"featured_media":43647,"comment_status":"open","ping_status":"closed","template":"","meta":[],"product_brand":[2718,2719],"product_cat":[4529,247,260],"product_tag":[983,976,278,991,4349,405,4064,3905,2942,4348,3299,978,2926,4347,4187,4341,1655,4351,1606,1672,1036,473,1417,493,981,2897,1767,4344,277,4350,987,4345,483,4346,4173,977,4251,990,2678,2679,2073],"class_list":{"0":"post-43694","1":"product","2":"type-product","3":"status-publish","4":"has-post-thumbnail","6":"product_brand-gasia-casuals","7":"product_brand-gasia-protect","8":"product_cat-dini-semboller","9":"product_cat-hediyelik","10":"product_cat-kadin","11":"product_tag-allah-necklace","12":"product_tag-allah-yazili-kolye","13":"product_tag-altin-kolye","14":"product_tag-arabic-calligraphy-necklace","15":"product_tag-arabic-pendant","16":"product_tag-artisan-jewelry","17":"product_tag-chic-jewelry","18":"product_tag-collectible-jewelry","19":"product_tag-contemporary-necklace","20":"product_tag-daily-jewelry","21":"product_tag-designer-jewelry","22":"product_tag-dini-kolye","23":"product_tag-elegant-jewelry","24":"product_tag-elegant-pendant-necklace","25":"product_tag-exclusive-jewelry","26":"product_tag-fashionable-necklace","27":"product_tag-fine-jewelry","28":"product_tag-gold-arabic-necklace","29":"product_tag-gold-pendant-necklace","30":"product_tag-handcrafted-jewelry","31":"product_tag-islamic-jewelry","32":"product_tag-kadin-kolye","33":"product_tag-luxury-necklace","34":"product_tag-luxury-pendant","35":"product_tag-manevi-kolye","36":"product_tag-meaningful-jewelry","37":"product_tag-minimalist-necklace","38":"product_tag-modern-islamic-jewelry","39":"product_tag-modern-kolye","40":"product_tag-modern-spiritual-jewelry","41":"product_tag-mother-of-pearl-necklace","42":"product_tag-natural-shell-necklace","43":"product_tag-ozel-tasarim-kolye","44":"product_tag-pearl-shell-pendant","45":"product_tag-premium-jewelry","46":"product_tag-sedef-kolye","47":"product_tag-sophisticated-jewelry","48":"product_tag-spiritual-necklace","49":"product_tag-stylish-necklace","50":"product_tag-symbolic-jewelry","51":"product_tag-unique-necklace","52":"pa_cinsiyet-kadin","54":"first","55":"instock","56":"sale","57":"shipping-taxable","58":"purchasable","59":"product-type-simple"},"_links":{"self":[{"href":"https:\/\/www.gasia.com.tr\/en\/wp-json\/wp\/v2\/product\/43694","targetHints":{"allow":["GET"]}}],"collection":[{"href":"https:\/\/www.gasia.com.tr\/en\/wp-json\/wp\/v2\/product"}],"about":[{"href":"https:\/\/www.gasia.com.tr\/en\/wp-json\/wp\/v2\/types\/product"}],"replies":[{"embeddable":true,"href":"https:\/\/www.gasia.com.tr\/en\/wp-json\/wp\/v2\/comments?post=43694"}],"version-history":[{"count":3,"href":"https:\/\/www.gasia.com.tr\/en\/wp-json\/wp\/v2\/product\/43694\/revisions"}],"predecessor-version":[{"id":43768,"href":"https:\/\/www.gasia.com.tr\/en\/wp-json\/wp\/v2\/product\/43694\/revisions\/43768"}],"wp:featuredmedia":[{"embeddable":true,"href":"https:\/\/www.gasia.com.tr\/en\/wp-json\/wp\/v2\/media\/43647"}],"wp:attachment":[{"href":"https:\/\/www.gasia.com.tr\/en\/wp-json\/wp\/v2\/media?parent=43694"}],"wp:term":[{"taxonomy":"product_brand","embeddable":true,"href":"https:\/\/www.gasia.com.tr\/en\/wp-json\/wp\/v2\/product_brand?post=43694"},{"taxonomy":"product_cat","embeddable":true,"href":"https:\/\/www.gasia.com.tr\/en\/wp-json\/wp\/v2\/product_cat?post=43694"},{"taxonomy":"product_tag","embeddable":true,"href":"https:\/\/www.gasia.com.tr\/en\/wp-json\/wp\/v2\/product_tag?post=43694"}],"curies":[{"name":"wp","href":"https:\/\/api.w.org\/{rel}","templated":true}]}}