{"id":43697,"date":"2026-05-09T22:52:09","date_gmt":"2026-05-09T19:52:09","guid":{"rendered":"https:\/\/www.gasia.com.tr\/?post_type=product&#038;p=43697"},"modified":"2026-05-12T17:23:43","modified_gmt":"2026-05-12T14:23:43","slug":"beyaz-altin-koc-burcu-sedef-ve-pirlanta-kolye","status":"publish","type":"product","link":"https:\/\/www.gasia.com.tr\/en\/collections\/beyaz-altin-koc-burcu-sedef-ve-pirlanta-kolye\/","title":{"rendered":"Beyaz Alt\u0131n Ko\u00e7 Burcu Sedef ve P\u0131rlanta Kolye"},"content":{"rendered":"<p data-start=\"65\" data-end=\"596\">Do\u011fal sedefin yumu\u015fak parlakl\u0131\u011f\u0131 \u00fczerine i\u015flenen p\u0131rlanta detayl\u0131 Ko\u00e7 burcu sembol\u00fcyle tasarlanan bu beyaz alt\u0131n kolye, modern astroloji esteti\u011fini zarif m\u00fccevher i\u015f\u00e7ili\u011fiyle bulu\u015fturuyor. I\u015f\u0131\u011f\u0131 farkl\u0131 a\u00e7\u0131larda yans\u0131tan do\u011fal sedef y\u00fczeyi her par\u00e7aya benzersiz bir karakter kazand\u0131r\u0131rken, beyaz alt\u0131n\u0131n sade ve l\u00fcks g\u00f6r\u00fcn\u00fcm\u00fc tasar\u0131ma modern bir \u015f\u0131kl\u0131k kat\u0131yor. G\u00fc\u00e7l\u00fc enerjiyi ve \u00f6zg\u00fcveni temsil eden Ko\u00e7 burcu sembol\u00fcyle \u00f6ne \u00e7\u0131kan bu \u00f6zel kolye, anlam ta\u015f\u0131yan zarif tak\u0131lar aras\u0131nda dikkat \u00e7ekici bir se\u00e7im sunuyor.<\/p>\n<p data-start=\"598\" data-end=\"1360\" data-is-last-node=\"\" data-is-only-node=\"\">","protected":false},"excerpt":{"rendered":"<ul>\n<li>18 Ayar Alt\u0131n<\/li>\n<li>0,11 ct P\u0131rlanta<\/li>\n<li>39 cm uzunlu\u011funda Zincir<\/li>\n<\/ul>","protected":false},"featured_media":43646,"comment_status":"open","ping_status":"closed","template":"","meta":[],"product_brand":[2718,2719],"product_cat":[247,4482],"product_tag":[4353,2893,3874,4355,4068,2353,3871,3534,4064,3905,352,3299,294,4326,1637,4187,4290,1655,1672,4357,4354,473,4352,1417,1467,2897,742,987,483,3203,276,4173,977,4251,2678,2679,1857,2938,3872,4356],"class_list":{"0":"post-43697","1":"product","2":"type-product","3":"status-publish","4":"has-post-thumbnail","6":"product_brand-gasia-casuals","7":"product_brand-gasia-protect","8":"product_cat-hediyelik","9":"product_cat-inci-dunyasi","10":"product_tag-aries-necklace","11":"product_tag-artisan-necklace","12":"product_tag-astrology-jewelry","13":"product_tag-astrology-pendant","14":"product_tag-astroloji-kolyesi","15":"product_tag-beyaz-altin-kolye","16":"product_tag-burc-kolyesi","17":"product_tag-celestial-jewelry","18":"product_tag-chic-jewelry","19":"product_tag-collectible-jewelry","20":"product_tag-contemporary-jewelry","21":"product_tag-designer-jewelry","22":"product_tag-diamond-necklace","23":"product_tag-dogal-sedef-kolye","24":"product_tag-elegant-necklace","25":"product_tag-exclusive-jewelry","26":"product_tag-feminine-jewelry","27":"product_tag-fine-jewelry","28":"product_tag-handcrafted-jewelry","29":"product_tag-horoscope-jewelry","30":"product_tag-horoscope-necklace","31":"product_tag-kadin-kolye","32":"product_tag-koc-burcu-kolye","33":"product_tag-luxury-necklace","34":"product_tag-luxury-pendant-necklace","35":"product_tag-meaningful-jewelry","36":"product_tag-modern-jewelry","37":"product_tag-mother-of-pearl-necklace","38":"product_tag-ozel-tasarim-kolye","39":"product_tag-pearl-shell-necklace","40":"product_tag-pirlanta-kolye","41":"product_tag-premium-jewelry","42":"product_tag-sedef-kolye","43":"product_tag-sophisticated-jewelry","44":"product_tag-stylish-necklace","45":"product_tag-symbolic-jewelry","46":"product_tag-trendy-jewelry","47":"product_tag-white-gold-necklace","48":"product_tag-zodiac-necklace","49":"product_tag-zodiac-pendant","50":"pa_cinsiyet-kadin","52":"first","53":"instock","54":"sale","55":"shipping-taxable","56":"purchasable","57":"product-type-simple"},"_links":{"self":[{"href":"https:\/\/www.gasia.com.tr\/en\/wp-json\/wp\/v2\/product\/43697","targetHints":{"allow":["GET"]}}],"collection":[{"href":"https:\/\/www.gasia.com.tr\/en\/wp-json\/wp\/v2\/product"}],"about":[{"href":"https:\/\/www.gasia.com.tr\/en\/wp-json\/wp\/v2\/types\/product"}],"replies":[{"embeddable":true,"href":"https:\/\/www.gasia.com.tr\/en\/wp-json\/wp\/v2\/comments?post=43697"}],"version-history":[{"count":3,"href":"https:\/\/www.gasia.com.tr\/en\/wp-json\/wp\/v2\/product\/43697\/revisions"}],"predecessor-version":[{"id":43767,"href":"https:\/\/www.gasia.com.tr\/en\/wp-json\/wp\/v2\/product\/43697\/revisions\/43767"}],"wp:featuredmedia":[{"embeddable":true,"href":"https:\/\/www.gasia.com.tr\/en\/wp-json\/wp\/v2\/media\/43646"}],"wp:attachment":[{"href":"https:\/\/www.gasia.com.tr\/en\/wp-json\/wp\/v2\/media?parent=43697"}],"wp:term":[{"taxonomy":"product_brand","embeddable":true,"href":"https:\/\/www.gasia.com.tr\/en\/wp-json\/wp\/v2\/product_brand?post=43697"},{"taxonomy":"product_cat","embeddable":true,"href":"https:\/\/www.gasia.com.tr\/en\/wp-json\/wp\/v2\/product_cat?post=43697"},{"taxonomy":"product_tag","embeddable":true,"href":"https:\/\/www.gasia.com.tr\/en\/wp-json\/wp\/v2\/product_tag?post=43697"}],"curies":[{"name":"wp","href":"https:\/\/api.w.org\/{rel}","templated":true}]}}