{"id":43700,"date":"2026-05-10T17:50:39","date_gmt":"2026-05-10T14:50:39","guid":{"rendered":"https:\/\/www.gasia.com.tr\/?post_type=product&#038;p=43700"},"modified":"2026-05-12T15:19:37","modified_gmt":"2026-05-12T12:19:37","slug":"dogal-inci-ve-pirlanta-detayli-altin-kolye","status":"publish","type":"product","link":"https:\/\/www.gasia.com.tr\/en\/collections\/dogal-inci-ve-pirlanta-detayli-altin-kolye\/","title":{"rendered":"Do\u011fal \u0130nci ve P\u0131rlanta Detayl\u0131 Alt\u0131n Kolye"},"content":{"rendered":"<p>Do\u011fal incinin yumu\u015fak parlakl\u0131\u011f\u0131 ve alt\u0131n detaylar\u0131n ince m\u00fccevher i\u015f\u00e7ili\u011fiyle bulu\u015ftu\u011fu bu \u00f6zel kolye, zarif ve feminen tasar\u0131m anlay\u0131\u015f\u0131n\u0131 modern bir yorumla sunuyor. Damla formundaki do\u011fal inci hareketli yap\u0131s\u0131yla \u0131\u015f\u0131\u011f\u0131 yumu\u015fak \u015fekilde yans\u0131t\u0131rken, p\u0131rlanta detayl\u0131 \u00fcst b\u00f6l\u00fcm tasar\u0131ma l\u00fcks bir dokunu\u015f kat\u0131yor. Minimal ama dikkat \u00e7ekici g\u00f6r\u00fcn\u00fcm\u00fc sayesinde g\u00fcnl\u00fck \u015f\u0131kl\u0131k ve \u00f6zel davet kombinlerinde zarif bir tamamlay\u0131c\u0131 olarak \u00f6ne \u00e7\u0131k\u0131yor.<\/p>","protected":false},"excerpt":{"rendered":"<ul>\n<li>18 Ayar Alt\u0131n<\/li>\n<li>0,17 ct P\u0131rlanta<\/li>\n<li>45 cm uzunluk<\/li>\n<\/ul>","protected":false},"featured_media":43644,"comment_status":"open","ping_status":"closed","template":"","meta":[],"product_brand":[2718],"product_cat":[247,4482,75],"product_tag":[278,405,4124,4026,2909,352,4282,2168,3299,2761,1637,4347,4187,4257,4290,1655,322,3148,4295,2102,473,1668,493,1767,4360,742,2763,483,4361,2105,4358,472,4173,4228,4251,2678,4126,4359,4286,476],"class_list":{"0":"post-43700","1":"product","2":"type-product","3":"status-publish","4":"has-post-thumbnail","6":"product_brand-gasia-casuals","7":"product_cat-hediyelik","8":"product_cat-inci-dunyasi","9":"product_cat-kolye","10":"product_tag-altin-kolye","11":"product_tag-artisan-jewelry","12":"product_tag-bridal-jewelry","13":"product_tag-chic-necklace","14":"product_tag-classic-jewelry","15":"product_tag-contemporary-jewelry","16":"product_tag-cultured-pearl-necklace","17":"product_tag-delicate-necklace","18":"product_tag-designer-jewelry","19":"product_tag-dogal-inci-kolye","20":"product_tag-elegant-necklace","21":"product_tag-elegant-pendant-necklace","22":"product_tag-exclusive-jewelry","23":"product_tag-fashionable-jewelry","24":"product_tag-feminine-jewelry","25":"product_tag-fine-jewelry","26":"product_tag-gold-necklace","27":"product_tag-handcrafted-necklace","28":"product_tag-high-jewelry-style","29":"product_tag-inci-kolye","30":"product_tag-kadin-kolye","31":"product_tag-luxury-jewelry","32":"product_tag-luxury-pendant","33":"product_tag-minimalist-necklace","34":"product_tag-modern-classic-jewelry","35":"product_tag-modern-jewelry","36":"product_tag-natural-pearl-necklace","37":"product_tag-ozel-tasarim-kolye","38":"product_tag-pearl-drop-necklace","39":"product_tag-pearl-necklace","40":"product_tag-pearl-pendant-necklace","41":"product_tag-pirlanta-detayli-kolye","42":"product_tag-premium-jewelry","43":"product_tag-refined-jewelry","44":"product_tag-sophisticated-jewelry","45":"product_tag-stylish-necklace","46":"product_tag-timeless-jewelry","47":"product_tag-wedding-jewelry","48":"product_tag-white-pearl-necklace","49":"product_tag-zarif-kolye","50":"pa_cinsiyet-kadin","52":"first","53":"instock","54":"sale","55":"shipping-taxable","56":"purchasable","57":"product-type-simple"},"_links":{"self":[{"href":"https:\/\/www.gasia.com.tr\/en\/wp-json\/wp\/v2\/product\/43700","targetHints":{"allow":["GET"]}}],"collection":[{"href":"https:\/\/www.gasia.com.tr\/en\/wp-json\/wp\/v2\/product"}],"about":[{"href":"https:\/\/www.gasia.com.tr\/en\/wp-json\/wp\/v2\/types\/product"}],"replies":[{"embeddable":true,"href":"https:\/\/www.gasia.com.tr\/en\/wp-json\/wp\/v2\/comments?post=43700"}],"version-history":[{"count":3,"href":"https:\/\/www.gasia.com.tr\/en\/wp-json\/wp\/v2\/product\/43700\/revisions"}],"predecessor-version":[{"id":43766,"href":"https:\/\/www.gasia.com.tr\/en\/wp-json\/wp\/v2\/product\/43700\/revisions\/43766"}],"wp:featuredmedia":[{"embeddable":true,"href":"https:\/\/www.gasia.com.tr\/en\/wp-json\/wp\/v2\/media\/43644"}],"wp:attachment":[{"href":"https:\/\/www.gasia.com.tr\/en\/wp-json\/wp\/v2\/media?parent=43700"}],"wp:term":[{"taxonomy":"product_brand","embeddable":true,"href":"https:\/\/www.gasia.com.tr\/en\/wp-json\/wp\/v2\/product_brand?post=43700"},{"taxonomy":"product_cat","embeddable":true,"href":"https:\/\/www.gasia.com.tr\/en\/wp-json\/wp\/v2\/product_cat?post=43700"},{"taxonomy":"product_tag","embeddable":true,"href":"https:\/\/www.gasia.com.tr\/en\/wp-json\/wp\/v2\/product_tag?post=43700"}],"curies":[{"name":"wp","href":"https:\/\/api.w.org\/{rel}","templated":true}]}}