{"id":43714,"date":"2026-05-10T18:04:45","date_gmt":"2026-05-10T15:04:45","guid":{"rendered":"https:\/\/www.gasia.com.tr\/?post_type=product&#038;p=43714"},"modified":"2026-05-12T15:19:37","modified_gmt":"2026-05-12T12:19:37","slug":"dogal-inci-ve-okside-gumus-anfora-tasarim-kolye","status":"publish","type":"product","link":"https:\/\/www.gasia.com.tr\/en\/collections\/dogal-inci-ve-okside-gumus-anfora-tasarim-kolye\/","title":{"rendered":"Do\u011fal \u0130nci ve Okside G\u00fcm\u00fc\u015f Anfora Tasar\u0131m Kolye"},"content":{"rendered":"<p data-start=\"67\" data-end=\"544\">Barok formdaki do\u011fal inci ile siyah okside g\u00fcm\u00fc\u015f anfora detay\u0131n\u0131 bir araya getiren bu \u00f6zg\u00fcn tasar\u0131m kolye, modern sanat dokusunu zarif m\u00fccevher esteti\u011fiyle bulu\u015fturuyor. Organik inci yap\u0131s\u0131n\u0131n do\u011fal parlakl\u0131\u011f\u0131, okside y\u00fczeyin g\u00fc\u00e7l\u00fc karakteriyle kontrast olu\u015fturarak dikkat \u00e7ekici ve sofistike bir g\u00f6r\u00fcn\u00fcm sunar. Minimal ama sanatsal \u00e7izgileri sayesinde g\u00fcnl\u00fck kombinlerden \u00f6zel davet stiline kadar farkl\u0131 kullan\u0131mlara uyum sa\u011flayan \u00f6zel bir tasar\u0131m m\u00fccevherdir.<\/p>\n<p data-start=\"546\" data-end=\"1232\" data-is-last-node=\"\" data-is-only-node=\"\">","protected":false},"excerpt":{"rendered":"<ul>\n<li>18 Ayar Alt\u0131n<\/li>\n<li>0,035 ct 1 Adet P\u0131rlanta<\/li>\n<li>42 cm zincir uzunlu\u011fu<\/li>\n<\/ul>","protected":false},"featured_media":43645,"comment_status":"open","ping_status":"closed","template":"","meta":[],"product_brand":[2718],"product_cat":[247,4482,75],"product_tag":[4383,405,3122,2103,4385,2559,4064,352,633,2761,3683,4384,1637,4387,4188,1655,3849,3148,473,1668,4388,1333,4389,742,4386,1365,3684,3477,1687,3034,2105,4173,3161,489,2073],"class_list":{"0":"post-43714","1":"product","2":"type-product","3":"status-publish","4":"has-post-thumbnail","6":"product_brand-gasia-casuals","7":"product_cat-hediyelik","8":"product_cat-inci-dunyasi","9":"product_cat-kolye","10":"product_tag-anfora-kolye","11":"product_tag-artisan-jewelry","12":"product_tag-artistic-jewelry","13":"product_tag-barok-inci-kolye","14":"product_tag-black-silver-necklace","15":"product_tag-bohemian-jewelry","16":"product_tag-chic-jewelry","17":"product_tag-contemporary-jewelry","18":"product_tag-designer-necklace","19":"product_tag-dogal-inci-kolye","20":"product_tag-dogal-inci-taki","21":"product_tag-dogal-tasli-kolye","22":"product_tag-elegant-necklace","23":"product_tag-elegant-pearl-necklace","24":"product_tag-fashion-jewelry","25":"product_tag-fine-jewelry","26":"product_tag-gunluk-sik-kolye","27":"product_tag-handcrafted-necklace","28":"product_tag-kadin-kolye","29":"product_tag-luxury-jewelry","30":"product_tag-luxury-silver-jewelry","31":"product_tag-minimalist-kolye","32":"product_tag-modern-artisan-necklace","33":"product_tag-modern-jewelry","34":"product_tag-modern-pearl-necklace","35":"product_tag-okside-gumus-kolye","36":"product_tag-organic-pearl-jewelry","37":"product_tag-oxidized-silver-jewelry","38":"product_tag-ozel-tasarim-taki","39":"product_tag-ozgun-tasarim-kolye","40":"product_tag-pearl-necklace","41":"product_tag-premium-jewelry","42":"product_tag-silver-necklace","43":"product_tag-statement-necklace","44":"product_tag-unique-necklace","45":"pa_cinsiyet-kadin","47":"first","48":"instock","49":"shipping-taxable","50":"purchasable","51":"product-type-simple"},"_links":{"self":[{"href":"https:\/\/www.gasia.com.tr\/en\/wp-json\/wp\/v2\/product\/43714","targetHints":{"allow":["GET"]}}],"collection":[{"href":"https:\/\/www.gasia.com.tr\/en\/wp-json\/wp\/v2\/product"}],"about":[{"href":"https:\/\/www.gasia.com.tr\/en\/wp-json\/wp\/v2\/types\/product"}],"replies":[{"embeddable":true,"href":"https:\/\/www.gasia.com.tr\/en\/wp-json\/wp\/v2\/comments?post=43714"}],"version-history":[{"count":3,"href":"https:\/\/www.gasia.com.tr\/en\/wp-json\/wp\/v2\/product\/43714\/revisions"}],"predecessor-version":[{"id":43765,"href":"https:\/\/www.gasia.com.tr\/en\/wp-json\/wp\/v2\/product\/43714\/revisions\/43765"}],"wp:featuredmedia":[{"embeddable":true,"href":"https:\/\/www.gasia.com.tr\/en\/wp-json\/wp\/v2\/media\/43645"}],"wp:attachment":[{"href":"https:\/\/www.gasia.com.tr\/en\/wp-json\/wp\/v2\/media?parent=43714"}],"wp:term":[{"taxonomy":"product_brand","embeddable":true,"href":"https:\/\/www.gasia.com.tr\/en\/wp-json\/wp\/v2\/product_brand?post=43714"},{"taxonomy":"product_cat","embeddable":true,"href":"https:\/\/www.gasia.com.tr\/en\/wp-json\/wp\/v2\/product_cat?post=43714"},{"taxonomy":"product_tag","embeddable":true,"href":"https:\/\/www.gasia.com.tr\/en\/wp-json\/wp\/v2\/product_tag?post=43714"}],"curies":[{"name":"wp","href":"https:\/\/api.w.org\/{rel}","templated":true}]}}