{"id":43720,"date":"2026-05-10T18:21:25","date_gmt":"2026-05-10T15:21:25","guid":{"rendered":"https:\/\/www.gasia.com.tr\/?post_type=product&#038;p=43720"},"modified":"2026-05-12T13:07:34","modified_gmt":"2026-05-12T10:07:34","slug":"zumrut-ve-pirlanta-anturaj-beyaz-altin-yuzuk","status":"publish","type":"product","link":"https:\/\/www.gasia.com.tr\/en\/collections\/zumrut-ve-pirlanta-anturaj-beyaz-altin-yuzuk\/","title":{"rendered":"Z\u00fcmr\u00fct ve P\u0131rlanta Anturaj Beyaz Alt\u0131n Y\u00fcz\u00fck"},"content":{"rendered":"<p data-start=\"64\" data-end=\"474\">Do\u011fal z\u00fcmr\u00fct ta\u015f\u0131n canl\u0131 ye\u015fil tonu, \u00e7evresini saran p\u0131rlanta anturaj detaylar\u0131 ve beyaz alt\u0131n\u0131n modern \u015f\u0131kl\u0131\u011f\u0131yla birle\u015ferek zamans\u0131z bir m\u00fccevher tasar\u0131m\u0131 sunuyor. Oval kesim merkez ta\u015f, \u0131\u015f\u0131\u011f\u0131 etkileyici bi\u00e7imde yans\u0131t\u0131rken ince ve zarif formu g\u00fcnl\u00fck kullan\u0131mda da konfor sa\u011flar. Klasik zarafeti modern \u00e7izgilerle bulu\u015fturan bu \u00f6zel y\u00fcz\u00fck; ni\u015fan, hediye ve \u00f6zel g\u00fcnler i\u00e7in l\u00fcks bir se\u00e7imdir.<\/p>\n<p data-start=\"476\" data-end=\"1105\" data-is-last-node=\"\" data-is-only-node=\"\">","protected":false},"excerpt":{"rendered":"<ul>\n<li>18 Ayar Alt\u0131n<\/li>\n<li>1,81 Gram<\/li>\n<li>0,07 ct P\u0131rlanta<\/li>\n<li>0,36 ct Do\u011fal Brezilya Z\u00fcmr\u00fct<\/li>\n<\/ul>","protected":false},"featured_media":43721,"comment_status":"open","ping_status":"closed","template":"","meta":[],"product_brand":[2718],"product_cat":[269,247,76],"product_tag":[4249,2328,4124,565,4402,657,4401,528,1062,4153,526,4396,1655,1841,4397,1672,4190,2042,520,1000,1668,590,742,4398,4122,4400,2076,335,4393,4399,4251,4126,3285,1691,530],"class_list":{"0":"post-43720","1":"product","2":"type-product","3":"status-publish","4":"has-post-thumbnail","6":"product_brand-gasia-casuals","7":"product_cat-gem-world-degerli-tasli-mucevher","8":"product_cat-hediyelik","9":"product_cat-yuzuk-modelleri","10":"product_tag-anturaj-yuzuk","11":"product_tag-beyaz-altin-yuzuk","12":"product_tag-bridal-jewelry","13":"product_tag-designer-ring","14":"product_tag-diamond-emerald-jewelry","15":"product_tag-diamond-halo-ring","16":"product_tag-elegant-emerald-ring","17":"product_tag-elegant-ring","18":"product_tag-emerald-diamond-ring","19":"product_tag-emerald-halo-ring","20":"product_tag-emerald-ring","21":"product_tag-exclusive-ring","22":"product_tag-fine-jewelry","23":"product_tag-gemstone-jewelry","24":"product_tag-gunluk-sik-yuzuk","25":"product_tag-handcrafted-jewelry","26":"product_tag-high-jewelry","27":"product_tag-kadin-taki","28":"product_tag-kadin-yuzuk","29":"product_tag-klasik-yuzuk","30":"product_tag-luxury-jewelry","31":"product_tag-luxury-ring","32":"product_tag-modern-jewelry","33":"product_tag-natural-emerald-ring","34":"product_tag-nisan-yuzugu","35":"product_tag-oval-kesim-zumrut","36":"product_tag-ozel-tasarim-yuzuk","37":"product_tag-pirlanta-yuzuk","38":"product_tag-premium-ring","39":"product_tag-solitaire-halo-ring","40":"product_tag-sophisticated-jewelry","41":"product_tag-timeless-jewelry","42":"product_tag-white-gold-ring","43":"product_tag-yesil-tasli-yuzuk","44":"product_tag-zumrut-yuzuk","45":"pa_cinsiyet-kadin","47":"first","48":"outofstock","49":"sale","50":"shipping-taxable","51":"purchasable","52":"product-type-simple"},"_links":{"self":[{"href":"https:\/\/www.gasia.com.tr\/en\/wp-json\/wp\/v2\/product\/43720","targetHints":{"allow":["GET"]}}],"collection":[{"href":"https:\/\/www.gasia.com.tr\/en\/wp-json\/wp\/v2\/product"}],"about":[{"href":"https:\/\/www.gasia.com.tr\/en\/wp-json\/wp\/v2\/types\/product"}],"replies":[{"embeddable":true,"href":"https:\/\/www.gasia.com.tr\/en\/wp-json\/wp\/v2\/comments?post=43720"}],"version-history":[{"count":3,"href":"https:\/\/www.gasia.com.tr\/en\/wp-json\/wp\/v2\/product\/43720\/revisions"}],"predecessor-version":[{"id":43886,"href":"https:\/\/www.gasia.com.tr\/en\/wp-json\/wp\/v2\/product\/43720\/revisions\/43886"}],"wp:featuredmedia":[{"embeddable":true,"href":"https:\/\/www.gasia.com.tr\/en\/wp-json\/wp\/v2\/media\/43721"}],"wp:attachment":[{"href":"https:\/\/www.gasia.com.tr\/en\/wp-json\/wp\/v2\/media?parent=43720"}],"wp:term":[{"taxonomy":"product_brand","embeddable":true,"href":"https:\/\/www.gasia.com.tr\/en\/wp-json\/wp\/v2\/product_brand?post=43720"},{"taxonomy":"product_cat","embeddable":true,"href":"https:\/\/www.gasia.com.tr\/en\/wp-json\/wp\/v2\/product_cat?post=43720"},{"taxonomy":"product_tag","embeddable":true,"href":"https:\/\/www.gasia.com.tr\/en\/wp-json\/wp\/v2\/product_tag?post=43720"}],"curies":[{"name":"wp","href":"https:\/\/api.w.org\/{rel}","templated":true}]}}