{"id":43743,"date":"2026-05-10T19:47:40","date_gmt":"2026-05-10T16:47:40","guid":{"rendered":"https:\/\/www.gasia.com.tr\/?post_type=product&#038;p=43743"},"modified":"2026-05-11T15:13:09","modified_gmt":"2026-05-11T12:13:09","slug":"fleur-de-lis-okside-gumus-ve-altin-zincir-bileklik","status":"publish","type":"product","link":"https:\/\/www.gasia.com.tr\/en\/collections\/fleur-de-lis-okside-gumus-ve-altin-zincir-bileklik\/","title":{"rendered":"Fleur De Lis Okside G\u00fcm\u00fc\u015f ve Alt\u0131n Zincir Bileklik"},"content":{"rendered":"<p data-start=\"70\" data-end=\"520\">Asaletin ve zarafetin simgesi olan Fleur De Lis motifi, bu \u00f6zel tasar\u0131m bileklikte modern detaylarla yeniden yorumlan\u0131yor. Okside g\u00fcm\u00fc\u015f y\u00fczeyin g\u00fc\u00e7l\u00fc karakteri, alt\u0131n tonlu zincir ile etkileyici bir kontrast olu\u015ftururken merkezdeki ta\u015f detaylar\u0131 tasar\u0131ma sofistike bir \u0131\u015f\u0131lt\u0131 kazand\u0131r\u0131r. Vintage, gotik ve modern stil \u00e7izgilerini bir araya getiren bu bileklik; g\u00fcnl\u00fck kullan\u0131mdan \u00f6zel kombinlere kadar g\u00fc\u00e7l\u00fc bir stil tamamlay\u0131c\u0131s\u0131d\u0131r.<\/p>\n<p data-start=\"522\" data-end=\"1164\" data-is-last-node=\"\" data-is-only-node=\"\">","protected":false},"excerpt":{"rendered":"<ul>\n<li>14 Ayar Alt\u0131n<\/li>\n<li>925 ayar Okside G\u00fcm\u00fc\u015f<\/li>\n<li>0,11 ct P\u0131rlanta<\/li>\n<\/ul>","protected":false},"featured_media":43744,"comment_status":"open","ping_status":"closed","template":"","meta":[],"product_brand":[2718],"product_cat":[249,73,247],"product_tag":[411,3906,4012,4007,420,3299,512,543,514,3444,3399,4425,4422,2687,1672,365,510,4424,4002,4423,2195,2197,2208,2999,3005,1805,2679,2379,2424,3681],"class_list":{"0":"post-43743","1":"product","2":"type-product","3":"status-publish","4":"has-post-thumbnail","6":"product_brand-gasia-casuals","7":"product_cat-fleur-de-lis-koleksiyonu","8":"product_cat-altin-pirlanta-bileklik","9":"product_cat-hediyelik","10":"product_tag-altin-zincir-bileklik","11":"product_tag-artisan-bracelet","12":"product_tag-contemporary-bracelet","13":"product_tag-dark-silver-bracelet","14":"product_tag-designer-bracelet","15":"product_tag-designer-jewelry","16":"product_tag-elegant-bracelet","17":"product_tag-erkek-bileklik","18":"product_tag-fine-jewelry-bracelet","19":"product_tag-fleur-de-lis-bileklik","20":"product_tag-fleur-de-lis-bracelet","21":"product_tag-fleur-de-lis-symbol-jewelry","22":"product_tag-fleur-de-lys-jewelry","23":"product_tag-gothic-bracelet","24":"product_tag-handcrafted-jewelry","25":"product_tag-kadin-bileklik","26":"product_tag-luxury-bracelet","27":"product_tag-luxury-fashion-jewelry","28":"product_tag-medieval-jewelry","29":"product_tag-modern-vintage-bracelet","30":"product_tag-okside-gumus-bileklik","31":"product_tag-oxidized-silver-bracelet","32":"product_tag-ozel-tasarim-bileklik","33":"product_tag-premium-bracelet","34":"product_tag-silver-gold-bracelet","35":"product_tag-statement-bracelet","36":"product_tag-symbolic-jewelry","37":"product_tag-unique-jewelry","38":"product_tag-unisex-bracelet","39":"product_tag-vintage-jewelry","40":"pa_cinsiyet-kadin","42":"first","43":"instock","44":"sale","45":"shipping-taxable","46":"purchasable","47":"product-type-simple"},"_links":{"self":[{"href":"https:\/\/www.gasia.com.tr\/en\/wp-json\/wp\/v2\/product\/43743","targetHints":{"allow":["GET"]}}],"collection":[{"href":"https:\/\/www.gasia.com.tr\/en\/wp-json\/wp\/v2\/product"}],"about":[{"href":"https:\/\/www.gasia.com.tr\/en\/wp-json\/wp\/v2\/types\/product"}],"replies":[{"embeddable":true,"href":"https:\/\/www.gasia.com.tr\/en\/wp-json\/wp\/v2\/comments?post=43743"}],"version-history":[{"count":2,"href":"https:\/\/www.gasia.com.tr\/en\/wp-json\/wp\/v2\/product\/43743\/revisions"}],"predecessor-version":[{"id":43781,"href":"https:\/\/www.gasia.com.tr\/en\/wp-json\/wp\/v2\/product\/43743\/revisions\/43781"}],"wp:featuredmedia":[{"embeddable":true,"href":"https:\/\/www.gasia.com.tr\/en\/wp-json\/wp\/v2\/media\/43744"}],"wp:attachment":[{"href":"https:\/\/www.gasia.com.tr\/en\/wp-json\/wp\/v2\/media?parent=43743"}],"wp:term":[{"taxonomy":"product_brand","embeddable":true,"href":"https:\/\/www.gasia.com.tr\/en\/wp-json\/wp\/v2\/product_brand?post=43743"},{"taxonomy":"product_cat","embeddable":true,"href":"https:\/\/www.gasia.com.tr\/en\/wp-json\/wp\/v2\/product_cat?post=43743"},{"taxonomy":"product_tag","embeddable":true,"href":"https:\/\/www.gasia.com.tr\/en\/wp-json\/wp\/v2\/product_tag?post=43743"}],"curies":[{"name":"wp","href":"https:\/\/api.w.org\/{rel}","templated":true}]}}