{"id":43773,"date":"2026-05-11T14:56:46","date_gmt":"2026-05-11T11:56:46","guid":{"rendered":"https:\/\/www.gasia.com.tr\/?post_type=product&#038;p=43773"},"modified":"2026-05-13T11:32:55","modified_gmt":"2026-05-13T08:32:55","slug":"tasli-muhammed-yazili-altin-kolye","status":"publish","type":"product","link":"https:\/\/www.gasia.com.tr\/en\/collections\/tasli-muhammed-yazili-altin-kolye\/","title":{"rendered":"Ta\u015fl\u0131 Muhammed Yaz\u0131l\u0131 Alt\u0131n Kolye"},"content":{"rendered":"<p>Manevi anlam\u0131 zarif m\u00fccevher i\u015f\u00e7ili\u011fiyle bulu\u015fturan Muhammed yaz\u0131l\u0131 kolye, modern hat sanat\u0131 formu ve \u0131\u015f\u0131lt\u0131l\u0131 ta\u015f detaylar\u0131yla dikkat \u00e7eker. Alt\u0131n tonlu tasar\u0131m\u0131 sayesinde hem klasik hem modern kombinlerle uyum sa\u011flayan bu \u00f6zel kolye, estetik ve anlaml\u0131 bir aksesuar arayanlar i\u00e7in zarif bir se\u00e7imdir. G\u00fcnl\u00fck kullan\u0131mda \u015f\u0131k bir detay sunarken manevi de\u011feriyle \u00f6zel bir anlam ta\u015f\u0131r.<\/p>","protected":false},"excerpt":{"rendered":"<ul>\n<li>18 Ayar Alt\u0131n<\/li>\n<li>0,07 ct P\u0131rlanta<\/li>\n<li>42 cm uzunlu\u011funda zincir<\/li>\n<\/ul>","protected":false},"featured_media":43774,"comment_status":"open","ping_status":"closed","template":"","meta":[],"product_brand":[2718,2719],"product_cat":[4529,247,260,198],"product_tag":[278,991,405,4431,352,633,978,1637,1180,1697,1995,3172,1496,1036,4263,473,1668,493,2592,1767,4344,4434,4432,4433,483,1477,4429,474,329,4430],"class_list":{"0":"post-43773","1":"product","2":"type-product","3":"status-publish","4":"has-post-thumbnail","6":"product_brand-gasia-casuals","7":"product_brand-gasia-protect","8":"product_cat-dini-semboller","9":"product_cat-hediyelik","10":"product_cat-kadin","11":"product_cat-eye-collection","12":"product_tag-altin-kolye","13":"product_tag-arabic-calligraphy-necklace","14":"product_tag-artisan-jewelry","15":"product_tag-calligraphy-pendant","16":"product_tag-contemporary-jewelry","17":"product_tag-designer-necklace","18":"product_tag-dini-kolye","19":"product_tag-elegant-necklace","20":"product_tag-fine-jewelry-necklace","21":"product_tag-gold-pendant","22":"product_tag-gunluk-kolye","23":"product_tag-hat-sanati-kolye","24":"product_tag-islami-kolye","25":"product_tag-islamic-jewelry","26":"product_tag-islamic-pendant","27":"product_tag-kadin-kolye","28":"product_tag-luxury-jewelry","29":"product_tag-luxury-pendant","30":"product_tag-manevi-taki","31":"product_tag-minimalist-necklace","32":"product_tag-modern-islamic-jewelry","33":"product_tag-muhammad-necklace","34":"product_tag-muhammed-kolye","35":"product_tag-muhammed-yazili-kolye","36":"product_tag-ozel-tasarim-kolye","37":"product_tag-pirlanta-tasli-kolye","38":"product_tag-premium-necklace","39":"product_tag-sik-kolye","40":"product_tag-tasli-kolye","41":"product_tag-zircon-necklace","42":"pa_cinsiyet-kadin","44":"first","45":"instock","46":"sale","47":"shipping-taxable","48":"purchasable","49":"product-type-simple"},"_links":{"self":[{"href":"https:\/\/www.gasia.com.tr\/en\/wp-json\/wp\/v2\/product\/43773","targetHints":{"allow":["GET"]}}],"collection":[{"href":"https:\/\/www.gasia.com.tr\/en\/wp-json\/wp\/v2\/product"}],"about":[{"href":"https:\/\/www.gasia.com.tr\/en\/wp-json\/wp\/v2\/types\/product"}],"replies":[{"embeddable":true,"href":"https:\/\/www.gasia.com.tr\/en\/wp-json\/wp\/v2\/comments?post=43773"}],"version-history":[{"count":2,"href":"https:\/\/www.gasia.com.tr\/en\/wp-json\/wp\/v2\/product\/43773\/revisions"}],"predecessor-version":[{"id":43776,"href":"https:\/\/www.gasia.com.tr\/en\/wp-json\/wp\/v2\/product\/43773\/revisions\/43776"}],"wp:featuredmedia":[{"embeddable":true,"href":"https:\/\/www.gasia.com.tr\/en\/wp-json\/wp\/v2\/media\/43774"}],"wp:attachment":[{"href":"https:\/\/www.gasia.com.tr\/en\/wp-json\/wp\/v2\/media?parent=43773"}],"wp:term":[{"taxonomy":"product_brand","embeddable":true,"href":"https:\/\/www.gasia.com.tr\/en\/wp-json\/wp\/v2\/product_brand?post=43773"},{"taxonomy":"product_cat","embeddable":true,"href":"https:\/\/www.gasia.com.tr\/en\/wp-json\/wp\/v2\/product_cat?post=43773"},{"taxonomy":"product_tag","embeddable":true,"href":"https:\/\/www.gasia.com.tr\/en\/wp-json\/wp\/v2\/product_tag?post=43773"}],"curies":[{"name":"wp","href":"https:\/\/api.w.org\/{rel}","templated":true}]}}