{"id":43793,"date":"2026-05-10T00:00:00","date_gmt":"2026-05-09T21:00:00","guid":{"rendered":"https:\/\/www.gasia.com.tr\/?post_type=product&#038;p=43793"},"modified":"2026-05-12T11:30:48","modified_gmt":"2026-05-12T08:30:48","slug":"okside-gumus-balta-motifli-tasli-kolye","status":"publish","type":"product","link":"https:\/\/www.gasia.com.tr\/en\/collections\/okside-gumus-balta-motifli-tasli-kolye\/","title":{"rendered":"Okside G\u00fcm\u00fc\u015f Balta Motifli Ta\u015fl\u0131 Kolye"},"content":{"rendered":"<p data-start=\"58\" data-end=\"453\">G\u00fc\u00e7 ve karakteri simgeleyen balta formu, okside g\u00fcm\u00fc\u015f\u00fcn g\u00fc\u00e7l\u00fc dokusuyla modern m\u00fccevher tasar\u0131m\u0131na d\u00f6n\u00fc\u015f\u00fcyor. Minimal ama dikkat \u00e7ekici silueti, ta\u015f detaylar\u0131yla sofistike bir \u0131\u015f\u0131lt\u0131 kazan\u0131rken alt\u0131n tonlu zincirle \u015f\u0131k bir kontrast olu\u015fturur. Gotik ve modern stil \u00e7izgilerini bir araya getiren bu \u00f6zel tasar\u0131m kolye, \u00f6zg\u00fcn aksesuar arayanlar i\u00e7in g\u00fc\u00e7l\u00fc bir stil tamamlay\u0131c\u0131s\u0131d\u0131r.<\/p>\n<p data-start=\"455\" data-end=\"1031\" data-is-last-node=\"\" data-is-only-node=\"\">","protected":false},"excerpt":{"rendered":"<ul>\n<li>14 Ayar Alt\u0131n<\/li>\n<li>925 Ayar Okside G\u00fcm\u00fc\u015f<\/li>\n<li>0,05 ct P\u0131rlanta<\/li>\n<li>45 cm Uzunluk<\/li>\n<\/ul>","protected":false},"featured_media":43794,"comment_status":"open","ping_status":"closed","template":"","meta":[],"product_brand":[2718],"product_cat":[247,75],"product_tag":[405,4174,4442,4441,352,4443,633,481,4188,1180,465,760,3148,493,4002,1767,4340,742,1365,3477,483,4429,4438,4445,489,2679,329,2073,3028,4444],"class_list":{"0":"post-43793","1":"product","2":"type-product","3":"status-publish","4":"has-post-thumbnail","6":"product_brand-gasia-casuals","7":"product_cat-hediyelik","8":"product_cat-kolye","9":"product_tag-artisan-jewelry","10":"product_tag-artisan-pendant","11":"product_tag-axe-pendant","12":"product_tag-balta-kolye","13":"product_tag-contemporary-jewelry","14":"product_tag-dark-silver-necklace","15":"product_tag-designer-necklace","16":"product_tag-erkek-kolye","17":"product_tag-fashion-jewelry","18":"product_tag-fine-jewelry-necklace","19":"product_tag-gothic-jewelry","20":"product_tag-gothic-necklace","21":"product_tag-handcrafted-necklace","22":"product_tag-luxury-pendant","23":"product_tag-medieval-jewelry","24":"product_tag-minimalist-necklace","25":"product_tag-modern-gothic-necklace","26":"product_tag-modern-jewelry","27":"product_tag-okside-gumus-kolye","28":"product_tag-oxidized-silver-jewelry","29":"product_tag-ozel-tasarim-kolye","30":"product_tag-premium-necklace","31":"product_tag-silver-gold-necklace","32":"product_tag-silver-pendant","33":"product_tag-statement-necklace","34":"product_tag-symbolic-jewelry","35":"product_tag-tasli-kolye","36":"product_tag-unique-necklace","37":"product_tag-unisex-necklace","38":"product_tag-warrior-jewelry","39":"pa_cinsiyet-kadin","41":"first","42":"instock","43":"shipping-taxable","44":"purchasable","45":"product-type-simple"},"_links":{"self":[{"href":"https:\/\/www.gasia.com.tr\/en\/wp-json\/wp\/v2\/product\/43793","targetHints":{"allow":["GET"]}}],"collection":[{"href":"https:\/\/www.gasia.com.tr\/en\/wp-json\/wp\/v2\/product"}],"about":[{"href":"https:\/\/www.gasia.com.tr\/en\/wp-json\/wp\/v2\/types\/product"}],"replies":[{"embeddable":true,"href":"https:\/\/www.gasia.com.tr\/en\/wp-json\/wp\/v2\/comments?post=43793"}],"version-history":[{"count":4,"href":"https:\/\/www.gasia.com.tr\/en\/wp-json\/wp\/v2\/product\/43793\/revisions"}],"predecessor-version":[{"id":43870,"href":"https:\/\/www.gasia.com.tr\/en\/wp-json\/wp\/v2\/product\/43793\/revisions\/43870"}],"wp:featuredmedia":[{"embeddable":true,"href":"https:\/\/www.gasia.com.tr\/en\/wp-json\/wp\/v2\/media\/43794"}],"wp:attachment":[{"href":"https:\/\/www.gasia.com.tr\/en\/wp-json\/wp\/v2\/media?parent=43793"}],"wp:term":[{"taxonomy":"product_brand","embeddable":true,"href":"https:\/\/www.gasia.com.tr\/en\/wp-json\/wp\/v2\/product_brand?post=43793"},{"taxonomy":"product_cat","embeddable":true,"href":"https:\/\/www.gasia.com.tr\/en\/wp-json\/wp\/v2\/product_cat?post=43793"},{"taxonomy":"product_tag","embeddable":true,"href":"https:\/\/www.gasia.com.tr\/en\/wp-json\/wp\/v2\/product_tag?post=43793"}],"curies":[{"name":"wp","href":"https:\/\/api.w.org\/{rel}","templated":true}]}}