{"id":43797,"date":"2026-05-10T00:00:00","date_gmt":"2026-05-09T21:00:00","guid":{"rendered":"https:\/\/www.gasia.com.tr\/?post_type=product&#038;p=43797"},"modified":"2026-05-12T11:25:04","modified_gmt":"2026-05-12T08:25:04","slug":"akuamarin-cicek-ve-nazar-goz-motifli-pirlanta-kolye","status":"publish","type":"product","link":"https:\/\/www.gasia.com.tr\/en\/collections\/akuamarin-cicek-ve-nazar-goz-motifli-pirlanta-kolye\/","title":{"rendered":"Akuamarin \u00c7i\u00e7ek ve Nazar G\u00f6z Motifli P\u0131rlanta Kolye"},"content":{"rendered":"<p data-start=\"71\" data-end=\"479\">Zarif nazar g\u00f6z formu ile oyma \u00e7i\u00e7ek detay\u0131n\u0131 bulu\u015fturan bu \u00f6zel tasar\u0131m kolye, modern sembolizmi do\u011fal ta\u015f esteti\u011fiyle bir araya getiriyor. Yumu\u015fak akuamarin tonlar\u0131ndaki \u00e7i\u00e7ek formu merkezdeki parlak ta\u015f detay\u0131yla \u0131\u015f\u0131ldarken, alt b\u00f6l\u00fcmdeki p\u0131rlanta s\u0131ral\u0131 g\u00f6z motifi tasar\u0131ma \u015f\u0131k ve koruyucu bir anlam kat\u0131yor. G\u00fcnl\u00fck \u015f\u0131kl\u0131k ve modern fine jewelry stilini bir arada sunan \u00f6zg\u00fcn bir tasar\u0131m.<\/p>\n<p data-start=\"481\" data-end=\"1030\" data-is-last-node=\"\" data-is-only-node=\"\">","protected":false},"excerpt":{"rendered":"<ul>\n<li>18 Ayar Alt\u0131n<\/li>\n<li>0,065 ct P\u0131rlanta<\/li>\n<li>45 cm Zincir Uzunlu\u011fu<\/li>\n<\/ul>","protected":false},"featured_media":43798,"comment_status":"open","ping_status":"closed","template":"","meta":[],"product_brand":[2718,2719],"product_cat":[247,75,198],"product_tag":[2921,278,2923,405,4026,2703,352,3299,1637,726,4188,1655,4446,4448,811,725,3148,473,1308,1417,1639,1337,1993,1202,483,276,4447,2679,329,4061],"class_list":{"0":"post-43797","1":"product","2":"type-product","3":"status-publish","4":"has-post-thumbnail","6":"product_brand-gasia-casuals","7":"product_brand-gasia-protect","8":"product_cat-hediyelik","9":"product_cat-kolye","10":"product_cat-eye-collection","11":"product_tag-akuamarin-kolye","12":"product_tag-altin-kolye","13":"product_tag-aquamarine-necklace","14":"product_tag-artisan-jewelry","15":"product_tag-chic-necklace","16":"product_tag-cicek-kolye","17":"product_tag-contemporary-jewelry","18":"product_tag-designer-jewelry","19":"product_tag-elegant-necklace","20":"product_tag-evil-eye-necklace","21":"product_tag-fashion-jewelry","22":"product_tag-fine-jewelry","23":"product_tag-floral-pendant","24":"product_tag-flower-pendant","25":"product_tag-gemstone-necklace","26":"product_tag-goz-motifli-kolye","27":"product_tag-handcrafted-necklace","28":"product_tag-kadin-kolye","29":"product_tag-lucky-eye-necklace","30":"product_tag-luxury-necklace","31":"product_tag-minimalist-jewelry","32":"product_tag-modern-gold-necklace","33":"product_tag-modern-necklace","34":"product_tag-nazar-goz-kolye","35":"product_tag-ozel-tasarim-kolye","36":"product_tag-pirlanta-kolye","37":"product_tag-premium-pendant","38":"product_tag-symbolic-jewelry","39":"product_tag-tasli-kolye","40":"product_tag-unique-pendant","41":"pa_cinsiyet-kadin","43":"first","44":"instock","45":"shipping-taxable","46":"purchasable","47":"product-type-simple"},"_links":{"self":[{"href":"https:\/\/www.gasia.com.tr\/en\/wp-json\/wp\/v2\/product\/43797","targetHints":{"allow":["GET"]}}],"collection":[{"href":"https:\/\/www.gasia.com.tr\/en\/wp-json\/wp\/v2\/product"}],"about":[{"href":"https:\/\/www.gasia.com.tr\/en\/wp-json\/wp\/v2\/types\/product"}],"replies":[{"embeddable":true,"href":"https:\/\/www.gasia.com.tr\/en\/wp-json\/wp\/v2\/comments?post=43797"}],"version-history":[{"count":4,"href":"https:\/\/www.gasia.com.tr\/en\/wp-json\/wp\/v2\/product\/43797\/revisions"}],"predecessor-version":[{"id":43868,"href":"https:\/\/www.gasia.com.tr\/en\/wp-json\/wp\/v2\/product\/43797\/revisions\/43868"}],"wp:featuredmedia":[{"embeddable":true,"href":"https:\/\/www.gasia.com.tr\/en\/wp-json\/wp\/v2\/media\/43798"}],"wp:attachment":[{"href":"https:\/\/www.gasia.com.tr\/en\/wp-json\/wp\/v2\/media?parent=43797"}],"wp:term":[{"taxonomy":"product_brand","embeddable":true,"href":"https:\/\/www.gasia.com.tr\/en\/wp-json\/wp\/v2\/product_brand?post=43797"},{"taxonomy":"product_cat","embeddable":true,"href":"https:\/\/www.gasia.com.tr\/en\/wp-json\/wp\/v2\/product_cat?post=43797"},{"taxonomy":"product_tag","embeddable":true,"href":"https:\/\/www.gasia.com.tr\/en\/wp-json\/wp\/v2\/product_tag?post=43797"}],"curies":[{"name":"wp","href":"https:\/\/api.w.org\/{rel}","templated":true}]}}