{"id":43801,"date":"2026-05-10T00:00:00","date_gmt":"2026-05-09T21:00:00","guid":{"rendered":"https:\/\/www.gasia.com.tr\/?post_type=product&#038;p=43801"},"modified":"2026-05-12T11:23:09","modified_gmt":"2026-05-12T08:23:09","slug":"okside-gumus-diken-formlu-pirlanta-kolye","status":"publish","type":"product","link":"https:\/\/www.gasia.com.tr\/en\/collections\/okside-gumus-diken-formlu-pirlanta-kolye\/","title":{"rendered":"Okside G\u00fcm\u00fc\u015f Diken Formlu P\u0131rlanta Kolye"},"content":{"rendered":"<p data-start=\"60\" data-end=\"449\">Minimal ve g\u00fc\u00e7l\u00fc tasar\u0131m \u00e7izgilerini bir araya getiren bu \u00f6zel kolye, diken formundan ilham alan modern siluetiyle dikkat \u00e7ekiyor. Okside g\u00fcm\u00fc\u015f dokusu \u00fczerine yerle\u015ftirilen p\u0131rlanta detaylar\u0131 tasar\u0131ma sofistike bir \u0131\u015f\u0131lt\u0131 katarken, ince ve keskin form g\u00fc\u00e7l\u00fc bir karakter yarat\u0131yor. G\u00fcnl\u00fck stil, alternatif l\u00fcks ve modern tak\u0131 anlay\u0131\u015f\u0131n\u0131 bir araya getiren \u00f6zg\u00fcn bir tasar\u0131m.<\/p>\n<p data-start=\"451\" data-end=\"1005\" data-is-last-node=\"\" data-is-only-node=\"\">","protected":false},"excerpt":{"rendered":"<ul>\n<li>925 Ayar Okside G\u00fcm\u00fc\u015f<\/li>\n<li>0,14 ct 5 Adet P\u0131rlanta<\/li>\n<li>47 cm Zincir Uzunlu\u011fu<\/li>\n<\/ul>","protected":false},"featured_media":43802,"comment_status":"open","ping_status":"closed","template":"","meta":[],"product_brand":[2718,2957],"product_cat":[256,247,75],"product_tag":[1997,405,4385,2942,4451,633,295,4449,1998,481,1655,760,3148,473,493,1333,742,277,1365,3477,483,276,4173,4169,489,2728,4450,4452,4061,3027],"class_list":{"0":"post-43801","1":"product","2":"type-product","3":"status-publish","4":"has-post-thumbnail","6":"product_brand-gasia-casuals","7":"product_brand-gasia-for-man","8":"product_cat-erkek-kolye-ve-zincirler","9":"product_cat-hediyelik","10":"product_cat-kolye","11":"product_tag-alternatif-taki","12":"product_tag-artisan-jewelry","13":"product_tag-black-silver-necklace","14":"product_tag-contemporary-necklace","15":"product_tag-dark-aesthetic-jewelry","16":"product_tag-designer-necklace","17":"product_tag-diamond-pendant","18":"product_tag-diken-kolye","19":"product_tag-edgy-jewelry","20":"product_tag-erkek-kolye","21":"product_tag-fine-jewelry","22":"product_tag-gothic-necklace","23":"product_tag-handcrafted-necklace","24":"product_tag-kadin-kolye","25":"product_tag-luxury-pendant","26":"product_tag-minimalist-kolye","27":"product_tag-modern-jewelry","28":"product_tag-modern-kolye","29":"product_tag-okside-gumus-kolye","30":"product_tag-oxidized-silver-jewelry","31":"product_tag-ozel-tasarim-kolye","32":"product_tag-pirlanta-kolye","33":"product_tag-premium-jewelry","34":"product_tag-siyah-gumus-kolye","35":"product_tag-statement-necklace","36":"product_tag-symbolic-necklace","37":"product_tag-thorn-necklace","38":"product_tag-thorn-pendant","39":"product_tag-unique-pendant","40":"product_tag-unisex-kolye","41":"pa_cinsiyet-erkek","42":"pa_cinsiyet-kadin","44":"first","45":"instock","46":"shipping-taxable","47":"purchasable","48":"product-type-simple"},"_links":{"self":[{"href":"https:\/\/www.gasia.com.tr\/en\/wp-json\/wp\/v2\/product\/43801","targetHints":{"allow":["GET"]}}],"collection":[{"href":"https:\/\/www.gasia.com.tr\/en\/wp-json\/wp\/v2\/product"}],"about":[{"href":"https:\/\/www.gasia.com.tr\/en\/wp-json\/wp\/v2\/types\/product"}],"replies":[{"embeddable":true,"href":"https:\/\/www.gasia.com.tr\/en\/wp-json\/wp\/v2\/comments?post=43801"}],"version-history":[{"count":4,"href":"https:\/\/www.gasia.com.tr\/en\/wp-json\/wp\/v2\/product\/43801\/revisions"}],"predecessor-version":[{"id":43866,"href":"https:\/\/www.gasia.com.tr\/en\/wp-json\/wp\/v2\/product\/43801\/revisions\/43866"}],"wp:featuredmedia":[{"embeddable":true,"href":"https:\/\/www.gasia.com.tr\/en\/wp-json\/wp\/v2\/media\/43802"}],"wp:attachment":[{"href":"https:\/\/www.gasia.com.tr\/en\/wp-json\/wp\/v2\/media?parent=43801"}],"wp:term":[{"taxonomy":"product_brand","embeddable":true,"href":"https:\/\/www.gasia.com.tr\/en\/wp-json\/wp\/v2\/product_brand?post=43801"},{"taxonomy":"product_cat","embeddable":true,"href":"https:\/\/www.gasia.com.tr\/en\/wp-json\/wp\/v2\/product_cat?post=43801"},{"taxonomy":"product_tag","embeddable":true,"href":"https:\/\/www.gasia.com.tr\/en\/wp-json\/wp\/v2\/product_tag?post=43801"}],"curies":[{"name":"wp","href":"https:\/\/api.w.org\/{rel}","templated":true}]}}