{"id":43805,"date":"2026-05-10T00:00:00","date_gmt":"2026-05-09T21:00:00","guid":{"rendered":"https:\/\/www.gasia.com.tr\/?post_type=product&#038;p=43805"},"modified":"2026-05-13T11:20:39","modified_gmt":"2026-05-13T08:20:39","slug":"seramik-uzerine-besmele-motifli-pirlanta-kolye","status":"publish","type":"product","link":"https:\/\/www.gasia.com.tr\/en\/collections\/seramik-uzerine-besmele-motifli-pirlanta-kolye\/","title":{"rendered":"Seramik \u00dczerine Besmele Motifli P\u0131rlanta Kolye"},"content":{"rendered":"<p data-start=\"66\" data-end=\"462\">Geleneksel hat sanat\u0131n\u0131 modern m\u00fccevher tasar\u0131m\u0131yla bulu\u015fturan bu \u00f6zel kolye, seramik y\u00fczey \u00fczerine i\u015flenmi\u015f Besmele motifiyle dikkat \u00e7ekiyor. \u00c7evresindeki p\u0131rlanta detaylar\u0131 tasar\u0131ma zarif bir \u0131\u015f\u0131lt\u0131 katarken, beyaz ve siyah tonlar\u0131n dengesi g\u00fc\u00e7l\u00fc ve sofistike bir g\u00f6r\u00fcn\u00fcm sunuyor. Manevi anlam ta\u015f\u0131yan bu \u00f6zg\u00fcn tasar\u0131m, g\u00fcnl\u00fck \u015f\u0131kl\u0131k ve \u00f6zel anlar i\u00e7in zarif bir tamamlay\u0131c\u0131d\u0131r.<\/p>\n<p data-start=\"464\" data-end=\"1033\" data-is-last-node=\"\" data-is-only-node=\"\">","protected":false},"excerpt":{"rendered":"<ul>\n<li>18 Ayar Alt\u0131n<\/li>\n<li>0,44 ct P\u0131rlanta<\/li>\n<li>46 cm zincir uzunlu\u011fu<\/li>\n<li>28,5 mm D\u0131\u015f \u00c7ap<\/li>\n<\/ul>","protected":false},"featured_media":43806,"comment_status":"open","ping_status":"closed","template":"","meta":[],"product_brand":[2718,2719],"product_cat":[4529,247],"product_tag":[4456,4454,405,1491,2353,2061,4455,633,295,978,1637,1655,3148,3172,1496,1036,473,1417,493,2060,4344,1033,483,276,4173,986,4453,2593,489,2679],"class_list":{"0":"post-43805","1":"product","2":"type-product","3":"status-publish","4":"has-post-thumbnail","6":"product_brand-gasia-casuals","7":"product_brand-gasia-protect","8":"product_cat-dini-semboller","9":"product_cat-hediyelik","10":"product_tag-arabic-calligraphy-pendant","11":"product_tag-arapca-yazili-kolye","12":"product_tag-artisan-jewelry","13":"product_tag-besmele-kolye","14":"product_tag-beyaz-altin-kolye","15":"product_tag-calligraphy-necklace","16":"product_tag-ceramic-necklace","17":"product_tag-designer-necklace","18":"product_tag-diamond-pendant","19":"product_tag-dini-kolye","20":"product_tag-elegant-necklace","21":"product_tag-fine-jewelry","22":"product_tag-handcrafted-necklace","23":"product_tag-hat-sanati-kolye","24":"product_tag-islami-kolye","25":"product_tag-islamic-jewelry","26":"product_tag-kadin-kolye","27":"product_tag-luxury-necklace","28":"product_tag-luxury-pendant","29":"product_tag-meaningful-necklace","30":"product_tag-modern-islamic-jewelry","31":"product_tag-muslim-jewelry","32":"product_tag-ozel-tasarim-kolye","33":"product_tag-pirlanta-kolye","34":"product_tag-premium-jewelry","35":"product_tag-religious-pendant","36":"product_tag-seramik-kolye","37":"product_tag-spiritual-jewelry","38":"product_tag-statement-necklace","39":"product_tag-symbolic-jewelry","40":"pa_cinsiyet-kadin","42":"first","43":"instock","44":"shipping-taxable","45":"purchasable","46":"product-type-simple"},"_links":{"self":[{"href":"https:\/\/www.gasia.com.tr\/en\/wp-json\/wp\/v2\/product\/43805","targetHints":{"allow":["GET"]}}],"collection":[{"href":"https:\/\/www.gasia.com.tr\/en\/wp-json\/wp\/v2\/product"}],"about":[{"href":"https:\/\/www.gasia.com.tr\/en\/wp-json\/wp\/v2\/types\/product"}],"replies":[{"embeddable":true,"href":"https:\/\/www.gasia.com.tr\/en\/wp-json\/wp\/v2\/comments?post=43805"}],"version-history":[{"count":4,"href":"https:\/\/www.gasia.com.tr\/en\/wp-json\/wp\/v2\/product\/43805\/revisions"}],"predecessor-version":[{"id":43856,"href":"https:\/\/www.gasia.com.tr\/en\/wp-json\/wp\/v2\/product\/43805\/revisions\/43856"}],"wp:featuredmedia":[{"embeddable":true,"href":"https:\/\/www.gasia.com.tr\/en\/wp-json\/wp\/v2\/media\/43806"}],"wp:attachment":[{"href":"https:\/\/www.gasia.com.tr\/en\/wp-json\/wp\/v2\/media?parent=43805"}],"wp:term":[{"taxonomy":"product_brand","embeddable":true,"href":"https:\/\/www.gasia.com.tr\/en\/wp-json\/wp\/v2\/product_brand?post=43805"},{"taxonomy":"product_cat","embeddable":true,"href":"https:\/\/www.gasia.com.tr\/en\/wp-json\/wp\/v2\/product_cat?post=43805"},{"taxonomy":"product_tag","embeddable":true,"href":"https:\/\/www.gasia.com.tr\/en\/wp-json\/wp\/v2\/product_tag?post=43805"}],"curies":[{"name":"wp","href":"https:\/\/api.w.org\/{rel}","templated":true}]}}