{"id":43814,"date":"2026-05-10T00:00:00","date_gmt":"2026-05-09T21:00:00","guid":{"rendered":"https:\/\/www.gasia.com.tr\/?post_type=product&#038;p=43814"},"modified":"2026-05-13T11:19:13","modified_gmt":"2026-05-13T08:19:13","slug":"pirlanta-tasli-allah-yazili-kolye-m","status":"publish","type":"product","link":"https:\/\/www.gasia.com.tr\/en\/collections\/pirlanta-tasli-allah-yazili-kolye-m\/","title":{"rendered":"P\u0131rlanta Ta\u015fl\u0131 Allah Yaz\u0131l\u0131 Kolye M"},"content":{"rendered":"<p data-start=\"53\" data-end=\"449\">Manevi anlam\u0131 modern m\u00fccevher tasar\u0131m\u0131yla bir araya getiren bu \u00f6zel Allah yaz\u0131l\u0131 kolye, zarif hat formu ve yo\u011fun p\u0131rlanta ta\u015f detaylar\u0131yla dikkat \u00e7ekiyor. Ak\u0131c\u0131 \u00e7izgilerle \u015fekillendirilen tasar\u0131m, \u0131\u015f\u0131\u011f\u0131 g\u00fc\u00e7l\u00fc \u015fekilde yans\u0131tan ta\u015f i\u015f\u00e7ili\u011fi sayesinde sofistike ve anlaml\u0131 bir g\u00f6r\u00fcn\u00fcm sunuyor. G\u00fcnl\u00fck kullan\u0131mda manevi bir sembol olarak ta\u015f\u0131nabilecek \u015f\u0131k ve zamans\u0131z bir m\u00fccevherdir.<\/p>\n<p data-start=\"451\" data-end=\"1010\" data-is-last-node=\"\" data-is-only-node=\"\">","protected":false},"excerpt":{"rendered":"<ul>\n<li>18 Ayar Alt\u0131n<\/li>\n<li>0,95 ct P\u0131rlanta<\/li>\n<li>43 cm Zincir Uzunlu\u011fu<\/li>\n<\/ul>","protected":false},"featured_media":43815,"comment_status":"open","ping_status":"closed","template":"","meta":[],"product_brand":[2718,2719],"product_cat":[4529,247,260],"product_tag":[3169,983,976,278,991,4454,405,2353,305,295,978,1637,1655,3148,3172,1496,1036,473,4457,1668,2592,2060,1033,483,276,4173,986,2593,489,2728],"class_list":{"0":"post-43814","1":"product","2":"type-product","3":"status-publish","4":"has-post-thumbnail","6":"product_brand-gasia-casuals","7":"product_brand-gasia-protect","8":"product_cat-dini-semboller","9":"product_cat-hediyelik","10":"product_cat-kadin","11":"product_tag-allah-kolye","12":"product_tag-allah-necklace","13":"product_tag-allah-yazili-kolye","14":"product_tag-altin-kolye","15":"product_tag-arabic-calligraphy-necklace","16":"product_tag-arapca-yazili-kolye","17":"product_tag-artisan-jewelry","18":"product_tag-beyaz-altin-kolye","19":"product_tag-designer-pendant","20":"product_tag-diamond-pendant","21":"product_tag-dini-kolye","22":"product_tag-elegant-necklace","23":"product_tag-fine-jewelry","24":"product_tag-handcrafted-necklace","25":"product_tag-hat-sanati-kolye","26":"product_tag-islami-kolye","27":"product_tag-islamic-jewelry","28":"product_tag-kadin-kolye","29":"product_tag-luxury-islamic-necklace","30":"product_tag-luxury-jewelry","31":"product_tag-manevi-taki","32":"product_tag-meaningful-necklace","33":"product_tag-muslim-jewelry","34":"product_tag-ozel-tasarim-kolye","35":"product_tag-pirlanta-kolye","36":"product_tag-premium-jewelry","37":"product_tag-religious-pendant","38":"product_tag-spiritual-jewelry","39":"product_tag-statement-necklace","40":"product_tag-symbolic-necklace","41":"pa_cinsiyet-kadin","43":"first","44":"instock","45":"shipping-taxable","46":"purchasable","47":"product-type-simple"},"_links":{"self":[{"href":"https:\/\/www.gasia.com.tr\/en\/wp-json\/wp\/v2\/product\/43814","targetHints":{"allow":["GET"]}}],"collection":[{"href":"https:\/\/www.gasia.com.tr\/en\/wp-json\/wp\/v2\/product"}],"about":[{"href":"https:\/\/www.gasia.com.tr\/en\/wp-json\/wp\/v2\/types\/product"}],"replies":[{"embeddable":true,"href":"https:\/\/www.gasia.com.tr\/en\/wp-json\/wp\/v2\/comments?post=43814"}],"version-history":[{"count":4,"href":"https:\/\/www.gasia.com.tr\/en\/wp-json\/wp\/v2\/product\/43814\/revisions"}],"predecessor-version":[{"id":43852,"href":"https:\/\/www.gasia.com.tr\/en\/wp-json\/wp\/v2\/product\/43814\/revisions\/43852"}],"wp:featuredmedia":[{"embeddable":true,"href":"https:\/\/www.gasia.com.tr\/en\/wp-json\/wp\/v2\/media\/43815"}],"wp:attachment":[{"href":"https:\/\/www.gasia.com.tr\/en\/wp-json\/wp\/v2\/media?parent=43814"}],"wp:term":[{"taxonomy":"product_brand","embeddable":true,"href":"https:\/\/www.gasia.com.tr\/en\/wp-json\/wp\/v2\/product_brand?post=43814"},{"taxonomy":"product_cat","embeddable":true,"href":"https:\/\/www.gasia.com.tr\/en\/wp-json\/wp\/v2\/product_cat?post=43814"},{"taxonomy":"product_tag","embeddable":true,"href":"https:\/\/www.gasia.com.tr\/en\/wp-json\/wp\/v2\/product_tag?post=43814"}],"curies":[{"name":"wp","href":"https:\/\/api.w.org\/{rel}","templated":true}]}}