{"id":43818,"date":"2026-05-10T00:00:00","date_gmt":"2026-05-09T21:00:00","guid":{"rendered":"https:\/\/www.gasia.com.tr\/?post_type=product&#038;p=43818"},"modified":"2026-05-12T10:33:52","modified_gmt":"2026-05-12T07:33:52","slug":"hayat-agaci-motifli-okside-gumus-ve-pirlanta-kolye","status":"publish","type":"product","link":"https:\/\/www.gasia.com.tr\/en\/collections\/hayat-agaci-motifli-okside-gumus-ve-pirlanta-kolye\/","title":{"rendered":"Hayat A\u011fac\u0131 Motifli Okside G\u00fcm\u00fc\u015f ve P\u0131rlanta Kolye"},"content":{"rendered":"<p data-start=\"70\" data-end=\"498\">Do\u011fan\u0131n g\u00fcc\u00fcn\u00fc ve ya\u015fam\u0131n s\u00fcreklili\u011fini simgeleyen hayat a\u011fac\u0131 motifi, bu \u00f6zel tasar\u0131m kolyede modern m\u00fccevher i\u015f\u00e7ili\u011fiyle yeniden yorumlan\u0131yor. Okside g\u00fcm\u00fc\u015f g\u00f6vde \u00fczerine yerle\u015ftirilen alt\u0131n tonlu ta\u015f detaylar\u0131 tasar\u0131ma s\u0131cak ve sofistike bir g\u00f6r\u00fcn\u00fcm kazand\u0131r\u0131rken, dallar aras\u0131ndaki ince i\u015f\u00e7ilik g\u00fc\u00e7l\u00fc bir estetik sunuyor. Anlaml\u0131 sembolizmi ve zamans\u0131z tasar\u0131m\u0131yla g\u00fcnl\u00fck kullan\u0131m i\u00e7in \u015f\u0131k bir tamamlay\u0131c\u0131d\u0131r.<\/p>\n<p data-start=\"500\" data-end=\"1093\" data-is-last-node=\"\" data-is-only-node=\"\">","protected":false},"excerpt":{"rendered":"<ul>\n<li>18 Ayar Alt\u0131n<\/li>\n<li>925 Ayar Okside G\u00fcm\u00fc\u015f<\/li>\n<li>0,40 ct P\u0131rlanta<\/li>\n<li>45 cm zincir uzunlu\u011fu<\/li>\n<\/ul>","protected":false},"featured_media":43819,"comment_status":"open","ping_status":"closed","template":"","meta":[],"product_brand":[2718],"product_cat":[247,75],"product_tag":[4459,405,4385,352,633,295,4059,1655,3148,1456,473,1668,1417,2897,742,2882,1365,3477,483,276,4429,2593,990,489,2679,4176,1460,4460,2073,4458],"class_list":{"0":"post-43818","1":"product","2":"type-product","3":"status-publish","4":"has-post-thumbnail","6":"product_brand-gasia-casuals","7":"product_cat-hediyelik","8":"product_cat-kolye","9":"product_tag-altin-ve-gumus-kolye","10":"product_tag-artisan-jewelry","11":"product_tag-black-silver-necklace","12":"product_tag-contemporary-jewelry","13":"product_tag-designer-necklace","14":"product_tag-diamond-pendant","15":"product_tag-elegant-pendant","16":"product_tag-fine-jewelry","17":"product_tag-handcrafted-necklace","18":"product_tag-hayat-agaci-kolye","19":"product_tag-kadin-kolye","20":"product_tag-luxury-jewelry","21":"product_tag-luxury-necklace","22":"product_tag-meaningful-jewelry","23":"product_tag-modern-jewelry","24":"product_tag-nature-inspired-jewelry","25":"product_tag-okside-gumus-kolye","26":"product_tag-oxidized-silver-jewelry","27":"product_tag-ozel-tasarim-kolye","28":"product_tag-pirlanta-kolye","29":"product_tag-premium-necklace","30":"product_tag-spiritual-jewelry","31":"product_tag-spiritual-necklace","32":"product_tag-statement-necklace","33":"product_tag-symbolic-jewelry","34":"product_tag-symbolic-pendant","35":"product_tag-tree-of-life-necklace","36":"product_tag-tree-pendant","37":"product_tag-unique-necklace","38":"product_tag-yasam-agaci-kolye","39":"pa_cinsiyet-kadin","41":"first","42":"instock","43":"sale","44":"shipping-taxable","45":"purchasable","46":"product-type-simple"},"_links":{"self":[{"href":"https:\/\/www.gasia.com.tr\/en\/wp-json\/wp\/v2\/product\/43818","targetHints":{"allow":["GET"]}}],"collection":[{"href":"https:\/\/www.gasia.com.tr\/en\/wp-json\/wp\/v2\/product"}],"about":[{"href":"https:\/\/www.gasia.com.tr\/en\/wp-json\/wp\/v2\/types\/product"}],"replies":[{"embeddable":true,"href":"https:\/\/www.gasia.com.tr\/en\/wp-json\/wp\/v2\/comments?post=43818"}],"version-history":[{"count":4,"href":"https:\/\/www.gasia.com.tr\/en\/wp-json\/wp\/v2\/product\/43818\/revisions"}],"predecessor-version":[{"id":43848,"href":"https:\/\/www.gasia.com.tr\/en\/wp-json\/wp\/v2\/product\/43818\/revisions\/43848"}],"wp:featuredmedia":[{"embeddable":true,"href":"https:\/\/www.gasia.com.tr\/en\/wp-json\/wp\/v2\/media\/43819"}],"wp:attachment":[{"href":"https:\/\/www.gasia.com.tr\/en\/wp-json\/wp\/v2\/media?parent=43818"}],"wp:term":[{"taxonomy":"product_brand","embeddable":true,"href":"https:\/\/www.gasia.com.tr\/en\/wp-json\/wp\/v2\/product_brand?post=43818"},{"taxonomy":"product_cat","embeddable":true,"href":"https:\/\/www.gasia.com.tr\/en\/wp-json\/wp\/v2\/product_cat?post=43818"},{"taxonomy":"product_tag","embeddable":true,"href":"https:\/\/www.gasia.com.tr\/en\/wp-json\/wp\/v2\/product_tag?post=43818"}],"curies":[{"name":"wp","href":"https:\/\/api.w.org\/{rel}","templated":true}]}}