{"id":43822,"date":"2026-05-10T05:05:00","date_gmt":"2026-05-10T02:05:00","guid":{"rendered":"https:\/\/www.gasia.com.tr\/?post_type=product&#038;p=43822"},"modified":"2026-05-12T11:13:33","modified_gmt":"2026-05-12T08:13:33","slug":"konyak-renkli-pirlanta-tasli-modern-kalp-kolye","status":"publish","type":"product","link":"https:\/\/www.gasia.com.tr\/en\/collections\/konyak-renkli-pirlanta-tasli-modern-kalp-kolye\/","title":{"rendered":"Konyak Renkli P\u0131rlanta Ta\u015fl\u0131 Modern Kalp Kolye"},"content":{"rendered":"<p data-start=\"66\" data-end=\"428\">S\u0131cak konyak tonlu p\u0131rlantalarla bezeli bu \u00f6zel kalp kolye, modern m\u00fccevher tasar\u0131m\u0131n\u0131 zarif detaylarla bulu\u015fturuyor. Yo\u011fun ta\u015f i\u015f\u00e7ili\u011fi ve ak\u0131\u015fkan alt\u0131n formu sayesinde sofistike bir g\u00f6r\u00fcn\u00fcm sunan tasar\u0131m, klasik kalp sembol\u00fcne \u00e7a\u011fda\u015f ve l\u00fcks bir yorum kat\u0131yor. G\u00fcnl\u00fck \u015f\u0131kl\u0131k ve \u00f6zel anlar i\u00e7in dikkat \u00e7ekici, modern bir fine jewelry par\u00e7as\u0131d\u0131r.<\/p>\n<p data-start=\"430\" data-end=\"1014\" data-is-last-node=\"\" data-is-only-node=\"\">","protected":false},"excerpt":{"rendered":"<ul>\n<li>18 Ayar Rose Alt\u0131n<\/li>\n<li>925 Ayar Okside G\u00fcm\u00fc\u015f<\/li>\n<li>0,42 ct P\u0131rlanta<\/li>\n<li>45 cm Uzunlu\u011funda Zincir<\/li>\n<\/ul>","protected":false},"featured_media":43823,"comment_status":"open","ping_status":"closed","template":"","meta":[],"product_brand":[2718],"product_cat":[247,260,75],"product_tag":[278,405,4462,4464,4026,3078,352,3299,4461,4059,2074,1655,322,3148,473,1424,2146,3077,1417,493,4463,277,483,4173,3133,4251,4060,2678,329,2073],"class_list":{"0":"post-43822","1":"product","2":"type-product","3":"status-publish","4":"has-post-thumbnail","6":"product_brand-gasia-casuals","7":"product_cat-hediyelik","8":"product_cat-kadin","9":"product_cat-kolye","10":"product_tag-altin-kolye","11":"product_tag-artisan-jewelry","12":"product_tag-brown-diamond-pendant","13":"product_tag-brown-gemstone-jewelry","14":"product_tag-chic-necklace","15":"product_tag-cognac-diamond-necklace","16":"product_tag-contemporary-jewelry","17":"product_tag-designer-jewelry","18":"product_tag-diamond-heart-necklace","19":"product_tag-elegant-pendant","20":"product_tag-fashion-necklace","21":"product_tag-fine-jewelry","22":"product_tag-gold-necklace","23":"product_tag-handcrafted-necklace","24":"product_tag-kadin-kolye","25":"product_tag-kahverengi-pirlanta-kolye","26":"product_tag-kalp-kolye","27":"product_tag-konyak-pirlanta-kolye","28":"product_tag-luxury-necklace","29":"product_tag-luxury-pendant","30":"product_tag-modern-heart-necklace","31":"product_tag-modern-kolye","32":"product_tag-ozel-tasarim-kolye","33":"product_tag-premium-jewelry","34":"product_tag-romantic-jewelry","35":"product_tag-sophisticated-jewelry","36":"product_tag-statement-pendant","37":"product_tag-stylish-necklace","38":"product_tag-tasli-kolye","39":"product_tag-unique-necklace","40":"pa_cinsiyet-kadin","42":"first","43":"instock","44":"shipping-taxable","45":"purchasable","46":"product-type-simple"},"_links":{"self":[{"href":"https:\/\/www.gasia.com.tr\/en\/wp-json\/wp\/v2\/product\/43822","targetHints":{"allow":["GET"]}}],"collection":[{"href":"https:\/\/www.gasia.com.tr\/en\/wp-json\/wp\/v2\/product"}],"about":[{"href":"https:\/\/www.gasia.com.tr\/en\/wp-json\/wp\/v2\/types\/product"}],"replies":[{"embeddable":true,"href":"https:\/\/www.gasia.com.tr\/en\/wp-json\/wp\/v2\/comments?post=43822"}],"version-history":[{"count":5,"href":"https:\/\/www.gasia.com.tr\/en\/wp-json\/wp\/v2\/product\/43822\/revisions"}],"predecessor-version":[{"id":43861,"href":"https:\/\/www.gasia.com.tr\/en\/wp-json\/wp\/v2\/product\/43822\/revisions\/43861"}],"wp:featuredmedia":[{"embeddable":true,"href":"https:\/\/www.gasia.com.tr\/en\/wp-json\/wp\/v2\/media\/43823"}],"wp:attachment":[{"href":"https:\/\/www.gasia.com.tr\/en\/wp-json\/wp\/v2\/media?parent=43822"}],"wp:term":[{"taxonomy":"product_brand","embeddable":true,"href":"https:\/\/www.gasia.com.tr\/en\/wp-json\/wp\/v2\/product_brand?post=43822"},{"taxonomy":"product_cat","embeddable":true,"href":"https:\/\/www.gasia.com.tr\/en\/wp-json\/wp\/v2\/product_cat?post=43822"},{"taxonomy":"product_tag","embeddable":true,"href":"https:\/\/www.gasia.com.tr\/en\/wp-json\/wp\/v2\/product_tag?post=43822"}],"curies":[{"name":"wp","href":"https:\/\/api.w.org\/{rel}","templated":true}]}}