{"id":43826,"date":"2026-05-10T00:00:00","date_gmt":"2026-05-09T21:00:00","guid":{"rendered":"https:\/\/www.gasia.com.tr\/?post_type=product&#038;p=43826"},"modified":"2026-05-12T11:05:53","modified_gmt":"2026-05-12T08:05:53","slug":"melek-kanatli-kalp-anahtar-pirlanta-kolye","status":"publish","type":"product","link":"https:\/\/www.gasia.com.tr\/en\/collections\/melek-kanatli-kalp-anahtar-pirlanta-kolye\/","title":{"rendered":"Melek Kanatl\u0131 Kalp Anahtar P\u0131rlanta Kolye"},"content":{"rendered":"<p>A\u015fk, \u00f6zg\u00fcrl\u00fck ve koruyucu enerjiyi simgeleyen bu \u00f6zel anahtar kolye; kalp formu, melek kanad\u0131 detaylar\u0131 ve ta\u015fl\u0131 y\u00fczeyiyle dikkat \u00e7ekiyor. Siyah ve beyaz p\u0131rlanta ta\u015flar\u0131n kontrast\u0131 tasar\u0131ma modern bir karakter kazand\u0131r\u0131rken, alt\u0131n detaylar \u015f\u0131k ve l\u00fcks bir g\u00f6r\u00fcn\u00fcm sunuyor. Romantik sembolizmi \u00e7a\u011fda\u015f fine jewelry \u00e7izgileriyle bulu\u015fturan zarif bir tasar\u0131m.<\/p>","protected":false},"excerpt":{"rendered":"<ul>\n<li>18 Ayar Alt\u0131n<\/li>\n<li>925 Ayar Okside G\u00fcm\u00fc\u015f<\/li>\n<li>0,47\u00a0 ct P\u0131rlanta<\/li>\n<li>44 cm Zincir Uzunlu\u011fu<\/li>\n<\/ul>","protected":false},"featured_media":43827,"comment_status":"open","ping_status":"closed","template":"","meta":[],"product_brand":[2718],"product_cat":[247,260,75],"product_tag":[278,3180,809,4468,4026,352,3299,294,4059,1655,4470,3148,4467,473,4465,3181,4469,1417,493,4466,742,483,276,4173,3133,1352,489,2678,2728,2379],"class_list":{"0":"post-43826","1":"product","2":"type-product","3":"status-publish","4":"has-post-thumbnail","6":"product_brand-gasia-casuals","7":"product_cat-hediyelik","8":"product_cat-kadin","9":"product_cat-kolye","10":"product_tag-altin-kolye","11":"product_tag-anahtar-kolye","12":"product_tag-angel-wing-necklace","13":"product_tag-black-diamond-pendant","14":"product_tag-chic-necklace","15":"product_tag-contemporary-jewelry","16":"product_tag-designer-jewelry","17":"product_tag-diamond-necklace","18":"product_tag-elegant-pendant","19":"product_tag-fine-jewelry","20":"product_tag-guardian-angel-jewelry","21":"product_tag-handcrafted-necklace","22":"product_tag-heart-key-pendant","23":"product_tag-kadin-kolye","24":"product_tag-kalp-anahtar-kolye","25":"product_tag-key-necklace","26":"product_tag-love-necklace","27":"product_tag-luxury-necklace","28":"product_tag-luxury-pendant","29":"product_tag-melek-kanadi-kolye","30":"product_tag-modern-jewelry","31":"product_tag-ozel-tasarim-kolye","32":"product_tag-pirlanta-kolye","33":"product_tag-premium-jewelry","34":"product_tag-romantic-jewelry","35":"product_tag-siyah-pirlanta-kolye","36":"product_tag-statement-necklace","37":"product_tag-stylish-necklace","38":"product_tag-symbolic-necklace","39":"product_tag-unique-jewelry","40":"pa_cinsiyet-kadin","42":"first","43":"instock","44":"shipping-taxable","45":"purchasable","46":"product-type-simple"},"_links":{"self":[{"href":"https:\/\/www.gasia.com.tr\/en\/wp-json\/wp\/v2\/product\/43826","targetHints":{"allow":["GET"]}}],"collection":[{"href":"https:\/\/www.gasia.com.tr\/en\/wp-json\/wp\/v2\/product"}],"about":[{"href":"https:\/\/www.gasia.com.tr\/en\/wp-json\/wp\/v2\/types\/product"}],"replies":[{"embeddable":true,"href":"https:\/\/www.gasia.com.tr\/en\/wp-json\/wp\/v2\/comments?post=43826"}],"version-history":[{"count":4,"href":"https:\/\/www.gasia.com.tr\/en\/wp-json\/wp\/v2\/product\/43826\/revisions"}],"predecessor-version":[{"id":43858,"href":"https:\/\/www.gasia.com.tr\/en\/wp-json\/wp\/v2\/product\/43826\/revisions\/43858"}],"wp:featuredmedia":[{"embeddable":true,"href":"https:\/\/www.gasia.com.tr\/en\/wp-json\/wp\/v2\/media\/43827"}],"wp:attachment":[{"href":"https:\/\/www.gasia.com.tr\/en\/wp-json\/wp\/v2\/media?parent=43826"}],"wp:term":[{"taxonomy":"product_brand","embeddable":true,"href":"https:\/\/www.gasia.com.tr\/en\/wp-json\/wp\/v2\/product_brand?post=43826"},{"taxonomy":"product_cat","embeddable":true,"href":"https:\/\/www.gasia.com.tr\/en\/wp-json\/wp\/v2\/product_cat?post=43826"},{"taxonomy":"product_tag","embeddable":true,"href":"https:\/\/www.gasia.com.tr\/en\/wp-json\/wp\/v2\/product_tag?post=43826"}],"curies":[{"name":"wp","href":"https:\/\/api.w.org\/{rel}","templated":true}]}}