{"id":43830,"date":"2026-05-10T00:00:00","date_gmt":"2026-05-09T21:00:00","guid":{"rendered":"https:\/\/www.gasia.com.tr\/?post_type=product&#038;p=43830"},"modified":"2026-05-12T10:36:12","modified_gmt":"2026-05-12T07:36:12","slug":"firuze-ucgen-pirlanta-detayli-altin-kolye","status":"publish","type":"product","link":"https:\/\/www.gasia.com.tr\/en\/collections\/firuze-ucgen-pirlanta-detayli-altin-kolye\/","title":{"rendered":"Firuze \u00dc\u00e7gen P\u0131rlanta Detayl\u0131 Alt\u0131n Kolye"},"content":{"rendered":"<p data-start=\"61\" data-end=\"444\">Minimal geometrik \u00e7izgiler ile do\u011fal ta\u015f zarafetini bulu\u015fturan bu \u00f6zel kolye, canl\u0131 firuze ta\u015f\u0131 ve p\u0131rlanta detayl\u0131 \u00fcst formuyla modern bir \u015f\u0131kl\u0131k sunuyor. \u00dc\u00e7gen kesim tasar\u0131m enerjiyi, dengeyi ve g\u00fc\u00e7l\u00fc duru\u015fu simgelerken; parlak alt\u0131n zincir tasar\u0131ma zarif bir dokunu\u015f kat\u0131yor. G\u00fcnl\u00fck stil ve katmanl\u0131 kombinler i\u00e7in ideal, \u00e7a\u011fda\u015f ve sofistike bir m\u00fccevher tasar\u0131m\u0131.<\/p>\n<p data-start=\"446\" data-end=\"991\" data-is-last-node=\"\" data-is-only-node=\"\">","protected":false},"excerpt":{"rendered":"<ul>\n<li>18 Ayar Alt\u0131n<\/li>\n<li>0,075 ct P\u0131rlanta<\/li>\n<li>42 cm Uzunluk<\/li>\n<\/ul>","protected":false},"featured_media":43831,"comment_status":"open","ping_status":"closed","template":"","meta":[],"product_brand":[2718,2719],"product_cat":[247,75,198],"product_tag":[278,352,2709,633,294,4059,1655,1093,811,4185,3617,1647,1995,1672,473,4473,1417,2937,1767,742,4058,276,4173,474,4472,1674,1095,3612,4474,4471],"class_list":{"0":"post-43830","1":"product","2":"type-product","3":"status-publish","4":"has-post-thumbnail","6":"product_brand-gasia-casuals","7":"product_brand-gasia-protect","8":"product_cat-hediyelik","9":"product_cat-kolye","10":"product_cat-eye-collection","11":"product_tag-altin-kolye","12":"product_tag-contemporary-jewelry","13":"product_tag-dainty-necklace","14":"product_tag-designer-necklace","15":"product_tag-diamond-necklace","16":"product_tag-elegant-pendant","17":"product_tag-fine-jewelry","18":"product_tag-firuze-kolye","19":"product_tag-gemstone-necklace","20":"product_tag-geometric-jewelry","21":"product_tag-geometrik-kolye","22":"product_tag-gold-chain-necklace","23":"product_tag-gunluk-kolye","24":"product_tag-handcrafted-jewelry","25":"product_tag-kadin-kolye","26":"product_tag-layering-necklace","27":"product_tag-luxury-necklace","28":"product_tag-minimal-jewelry","29":"product_tag-minimalist-necklace","30":"product_tag-modern-jewelry","31":"product_tag-modern-pendant","32":"product_tag-pirlanta-kolye","33":"product_tag-premium-jewelry","34":"product_tag-sik-kolye","35":"product_tag-triangle-pendant","36":"product_tag-turkuaz-kolye","37":"product_tag-turquoise-necklace","38":"product_tag-turquoise-pendant","39":"product_tag-turquoise-stone-jewelry","40":"product_tag-ucgen-kolye","41":"pa_cinsiyet-kadin","43":"first","44":"instock","45":"shipping-taxable","46":"purchasable","47":"product-type-simple"},"_links":{"self":[{"href":"https:\/\/www.gasia.com.tr\/en\/wp-json\/wp\/v2\/product\/43830","targetHints":{"allow":["GET"]}}],"collection":[{"href":"https:\/\/www.gasia.com.tr\/en\/wp-json\/wp\/v2\/product"}],"about":[{"href":"https:\/\/www.gasia.com.tr\/en\/wp-json\/wp\/v2\/types\/product"}],"replies":[{"embeddable":true,"href":"https:\/\/www.gasia.com.tr\/en\/wp-json\/wp\/v2\/comments?post=43830"}],"version-history":[{"count":4,"href":"https:\/\/www.gasia.com.tr\/en\/wp-json\/wp\/v2\/product\/43830\/revisions"}],"predecessor-version":[{"id":43850,"href":"https:\/\/www.gasia.com.tr\/en\/wp-json\/wp\/v2\/product\/43830\/revisions\/43850"}],"wp:featuredmedia":[{"embeddable":true,"href":"https:\/\/www.gasia.com.tr\/en\/wp-json\/wp\/v2\/media\/43831"}],"wp:attachment":[{"href":"https:\/\/www.gasia.com.tr\/en\/wp-json\/wp\/v2\/media?parent=43830"}],"wp:term":[{"taxonomy":"product_brand","embeddable":true,"href":"https:\/\/www.gasia.com.tr\/en\/wp-json\/wp\/v2\/product_brand?post=43830"},{"taxonomy":"product_cat","embeddable":true,"href":"https:\/\/www.gasia.com.tr\/en\/wp-json\/wp\/v2\/product_cat?post=43830"},{"taxonomy":"product_tag","embeddable":true,"href":"https:\/\/www.gasia.com.tr\/en\/wp-json\/wp\/v2\/product_tag?post=43830"}],"curies":[{"name":"wp","href":"https:\/\/api.w.org\/{rel}","templated":true}]}}