{"id":43891,"date":"2026-05-12T14:14:39","date_gmt":"2026-05-12T11:14:39","guid":{"rendered":"https:\/\/www.gasia.com.tr\/?post_type=product&#038;p=43891"},"modified":"2026-05-12T17:25:05","modified_gmt":"2026-05-12T14:25:05","slug":"altin-kurbaga-figurlu-barok-inci-kolye","status":"publish","type":"product","link":"https:\/\/www.gasia.com.tr\/en\/collections\/altin-kurbaga-figurlu-barok-inci-kolye\/","title":{"rendered":"Alt\u0131n Kurba\u011fa Fig\u00fcrl\u00fc Barok \u0130nci Kolye"},"content":{"rendered":"<p data-start=\"58\" data-end=\"523\">Do\u011fadan ilham alan \u00f6zg\u00fcn tasar\u0131m\u0131yla \u00f6ne \u00e7\u0131kan bu \u00f6zel kolye, do\u011fal barok inci \u00fczerine konumlanan zarif kurba\u011fa fig\u00fcr\u00fcyle dikkat \u00e7ekiyor. Parlak alt\u0131n detaylar ve organik inci formu tasar\u0131ma modern, sanatsal ve l\u00fcks bir karakter kazand\u0131r\u0131yor. E\u011flenceli ama sofistike g\u00f6r\u00fcn\u00fcm\u00fc sayesinde g\u00fcnl\u00fck stilin yan\u0131 s\u0131ra \u00f6zel kombinlerde de benzersiz bir vurgu olu\u015fturur. Koleksiyon de\u011feri ta\u015f\u0131yan \u00f6zg\u00fcn m\u00fccevher tasar\u0131mlar\u0131n\u0131 sevenler i\u00e7in ideal bir se\u00e7imdir.<\/p>\n<p data-start=\"525\" data-end=\"1102\" data-is-last-node=\"\" data-is-only-node=\"\">","protected":false},"excerpt":{"rendered":"<ul>\n<li>14 Ayar Beyaz Alt\u0131n<\/li>\n<li>0,08 ct P\u0131rlanta<\/li>\n<li>0,02 ct Green Garnet<\/li>\n<li>45 cm Zincir Uznunlu\u011fu<\/li>\n<\/ul>","protected":false},"featured_media":43892,"comment_status":"open","ping_status":"closed","template":"","meta":[],"product_brand":[2718],"product_cat":[247,4482],"product_tag":[278,4475,3122,2103,4478,3905,352,633,2761,1623,4059,1655,4476,4480,4477,4481,1672,2102,473,1668,493,742,2826,3684,483,2105,4173,4060,2073,4479],"class_list":{"0":"post-43891","1":"product","2":"type-product","3":"status-publish","4":"has-post-thumbnail","6":"product_brand-gasia-casuals","7":"product_cat-hediyelik","8":"product_cat-inci-dunyasi","9":"product_tag-altin-kolye","10":"product_tag-altin-kurbaga-kolye","11":"product_tag-artistic-jewelry","12":"product_tag-barok-inci-kolye","13":"product_tag-baroque-pearl-pendant","14":"product_tag-collectible-jewelry","15":"product_tag-contemporary-jewelry","16":"product_tag-designer-necklace","17":"product_tag-dogal-inci-kolye","18":"product_tag-dogal-tas-kolye","19":"product_tag-elegant-pendant","20":"product_tag-fine-jewelry","21":"product_tag-frog-necklace","22":"product_tag-frog-pendant-necklace","23":"product_tag-gold-frog-pendant","24":"product_tag-gold-pearl-necklace","25":"product_tag-handcrafted-jewelry","26":"product_tag-inci-kolye","27":"product_tag-kadin-kolye","28":"product_tag-luxury-jewelry","29":"product_tag-luxury-pendant","30":"product_tag-modern-jewelry","31":"product_tag-nature-inspired-necklace","32":"product_tag-organic-pearl-jewelry","33":"product_tag-ozel-tasarim-kolye","34":"product_tag-pearl-necklace","35":"product_tag-premium-jewelry","36":"product_tag-statement-pendant","37":"product_tag-unique-necklace","38":"product_tag-whimsical-jewelry","39":"pa_cinsiyet-kadin","41":"first","42":"instock","43":"shipping-taxable","44":"purchasable","45":"product-type-simple"},"_links":{"self":[{"href":"https:\/\/www.gasia.com.tr\/en\/wp-json\/wp\/v2\/product\/43891","targetHints":{"allow":["GET"]}}],"collection":[{"href":"https:\/\/www.gasia.com.tr\/en\/wp-json\/wp\/v2\/product"}],"about":[{"href":"https:\/\/www.gasia.com.tr\/en\/wp-json\/wp\/v2\/types\/product"}],"replies":[{"embeddable":true,"href":"https:\/\/www.gasia.com.tr\/en\/wp-json\/wp\/v2\/comments?post=43891"}],"version-history":[{"count":2,"href":"https:\/\/www.gasia.com.tr\/en\/wp-json\/wp\/v2\/product\/43891\/revisions"}],"predecessor-version":[{"id":43894,"href":"https:\/\/www.gasia.com.tr\/en\/wp-json\/wp\/v2\/product\/43891\/revisions\/43894"}],"wp:featuredmedia":[{"embeddable":true,"href":"https:\/\/www.gasia.com.tr\/en\/wp-json\/wp\/v2\/media\/43892"}],"wp:attachment":[{"href":"https:\/\/www.gasia.com.tr\/en\/wp-json\/wp\/v2\/media?parent=43891"}],"wp:term":[{"taxonomy":"product_brand","embeddable":true,"href":"https:\/\/www.gasia.com.tr\/en\/wp-json\/wp\/v2\/product_brand?post=43891"},{"taxonomy":"product_cat","embeddable":true,"href":"https:\/\/www.gasia.com.tr\/en\/wp-json\/wp\/v2\/product_cat?post=43891"},{"taxonomy":"product_tag","embeddable":true,"href":"https:\/\/www.gasia.com.tr\/en\/wp-json\/wp\/v2\/product_tag?post=43891"}],"curies":[{"name":"wp","href":"https:\/\/api.w.org\/{rel}","templated":true}]}}