{"id":43896,"date":"2026-05-09T15:32:27","date_gmt":"2026-05-09T12:32:27","guid":{"rendered":"https:\/\/www.gasia.com.tr\/?post_type=product&#038;p=43896"},"modified":"2026-05-13T12:41:11","modified_gmt":"2026-05-13T09:41:11","slug":"rose-altin-kalp-detayli-barok-inci-kolye","status":"publish","type":"product","link":"https:\/\/www.gasia.com.tr\/en\/collections\/rose-altin-kalp-detayli-barok-inci-kolye\/","title":{"rendered":"Rose Alt\u0131n Kalp Detayl\u0131 Barok \u0130nci Kolye"},"content":{"rendered":"<p data-start=\"60\" data-end=\"448\">Do\u011fal barok inci formunun benzersiz g\u00fczelli\u011fini romantik detaylarla bulu\u015fturan bu \u00f6zel kolye, merkezindeki p\u0131rlanta ta\u015fl\u0131 kalp motifiyle zarif bir \u0131\u015f\u0131lt\u0131 sunuyor. Rose alt\u0131n tonlar\u0131 ve organik inci dokusu tasar\u0131ma modern, feminen ve sofistike bir karakter kazand\u0131r\u0131yor. G\u00fcnl\u00fck \u015f\u0131kl\u0131kta veya \u00f6zel anlarda stilinizi tamamlayacak zamans\u0131z ve anlaml\u0131 bir m\u00fccevher se\u00e7ene\u011fidir.<\/p>\n<p data-start=\"450\" data-end=\"1011\" data-is-last-node=\"\" data-is-only-node=\"\">","protected":false},"excerpt":{"rendered":"<ul>\n<li>14 Ayar Alt\u0131n<\/li>\n<li>0,02 ct P\u0131rlanta<\/li>\n<li>42 Cm Zincir Uzunlu\u011fu<\/li>\n<li>Do\u011fal Barok \u0130nci<\/li>\n<\/ul>","protected":false},"featured_media":43897,"comment_status":"open","ping_status":"closed","template":"","meta":[],"product_brand":[2718],"product_cat":[4482,75],"product_tag":[2103,2106,2942,633,4461,2761,4059,4290,1655,1672,2115,2102,473,2146,1668,493,1639,742,3684,483,2118,2748,276,4173,3133,2138,2139,4060,2678,4126],"class_list":{"0":"post-43896","1":"product","2":"type-product","3":"status-publish","4":"has-post-thumbnail","6":"product_brand-gasia-casuals","7":"product_cat-inci-dunyasi","8":"product_cat-kolye","9":"product_tag-barok-inci-kolye","10":"product_tag-baroque-pearl-necklace","11":"product_tag-contemporary-necklace","12":"product_tag-designer-necklace","13":"product_tag-diamond-heart-necklace","14":"product_tag-dogal-inci-kolye","15":"product_tag-elegant-pendant","16":"product_tag-feminine-jewelry","17":"product_tag-fine-jewelry","18":"product_tag-handcrafted-jewelry","19":"product_tag-heart-necklace","20":"product_tag-inci-kolye","21":"product_tag-kadin-kolye","22":"product_tag-kalp-kolye","23":"product_tag-luxury-jewelry","24":"product_tag-luxury-pendant","25":"product_tag-minimalist-jewelry","26":"product_tag-modern-jewelry","27":"product_tag-organic-pearl-jewelry","28":"product_tag-ozel-tasarim-kolye","29":"product_tag-pearl-jewelry","30":"product_tag-pearl-pendant","31":"product_tag-pirlanta-kolye","32":"product_tag-premium-jewelry","33":"product_tag-romantic-jewelry","34":"product_tag-rose-altin-kolye","35":"product_tag-rose-gold-necklace","36":"product_tag-statement-pendant","37":"product_tag-stylish-necklace","38":"product_tag-timeless-jewelry","39":"pa_cinsiyet-kadin","41":"first","42":"instock","43":"shipping-taxable","44":"purchasable","45":"product-type-simple"},"_links":{"self":[{"href":"https:\/\/www.gasia.com.tr\/en\/wp-json\/wp\/v2\/product\/43896","targetHints":{"allow":["GET"]}}],"collection":[{"href":"https:\/\/www.gasia.com.tr\/en\/wp-json\/wp\/v2\/product"}],"about":[{"href":"https:\/\/www.gasia.com.tr\/en\/wp-json\/wp\/v2\/types\/product"}],"replies":[{"embeddable":true,"href":"https:\/\/www.gasia.com.tr\/en\/wp-json\/wp\/v2\/comments?post=43896"}],"version-history":[{"count":2,"href":"https:\/\/www.gasia.com.tr\/en\/wp-json\/wp\/v2\/product\/43896\/revisions"}],"predecessor-version":[{"id":43899,"href":"https:\/\/www.gasia.com.tr\/en\/wp-json\/wp\/v2\/product\/43896\/revisions\/43899"}],"wp:featuredmedia":[{"embeddable":true,"href":"https:\/\/www.gasia.com.tr\/en\/wp-json\/wp\/v2\/media\/43897"}],"wp:attachment":[{"href":"https:\/\/www.gasia.com.tr\/en\/wp-json\/wp\/v2\/media?parent=43896"}],"wp:term":[{"taxonomy":"product_brand","embeddable":true,"href":"https:\/\/www.gasia.com.tr\/en\/wp-json\/wp\/v2\/product_brand?post=43896"},{"taxonomy":"product_cat","embeddable":true,"href":"https:\/\/www.gasia.com.tr\/en\/wp-json\/wp\/v2\/product_cat?post=43896"},{"taxonomy":"product_tag","embeddable":true,"href":"https:\/\/www.gasia.com.tr\/en\/wp-json\/wp\/v2\/product_tag?post=43896"}],"curies":[{"name":"wp","href":"https:\/\/api.w.org\/{rel}","templated":true}]}}