{"id":43901,"date":"2026-05-12T15:48:50","date_gmt":"2026-05-12T12:48:50","guid":{"rendered":"https:\/\/www.gasia.com.tr\/?post_type=product&#038;p=43901"},"modified":"2026-05-12T15:49:07","modified_gmt":"2026-05-12T12:49:07","slug":"siyah-inci-ve-baget-pirlanta-beyaz-altin-kolye","status":"publish","type":"product","link":"https:\/\/www.gasia.com.tr\/en\/collections\/siyah-inci-ve-baget-pirlanta-beyaz-altin-kolye\/","title":{"rendered":"Siyah \u0130nci ve Baget P\u0131rlanta Beyaz Alt\u0131n Kolye"},"content":{"rendered":"<p data-start=\"66\" data-end=\"477\">Zamans\u0131z \u015f\u0131kl\u0131\u011f\u0131 modern \u00e7izgilerle bulu\u015fturan bu \u00f6zel kolye, g\u00f6z al\u0131c\u0131 siyah inci ve baget kesim p\u0131rlanta detaylar\u0131yla sofistike bir g\u00f6r\u00fcn\u00fcm sunuyor. Beyaz alt\u0131n form \u00fczerindeki zarif k\u0131vr\u0131mlar, tasar\u0131ma ak\u0131c\u0131 ve l\u00fcks bir karakter kazand\u0131r\u0131rken; parlak siyah inci g\u00fc\u00e7l\u00fc ve asil bir duru\u015f yarat\u0131yor. \u00d6zel davetlerden g\u00fcnl\u00fck \u015f\u0131kl\u0131\u011fa kadar her stile zarafet katacak se\u00e7kin bir m\u00fccevher tasar\u0131m\u0131d\u0131r.<\/p>\n<p data-start=\"479\" data-end=\"1066\" data-is-last-node=\"\" data-is-only-node=\"\">","protected":false},"excerpt":{"rendered":"<ul>\n<li>18 Ayar Alt\u0131n<\/li>\n<li>0,02 ct 2 adet Baget Kesim P\u0131rlanta<\/li>\n<li>9 mm Do\u011fal Tahiti Gri \u0130nci<\/li>\n<li>45 cm Zincir Uzunlu\u011fu<\/li>\n<\/ul>","protected":false},"featured_media":43902,"comment_status":"open","ping_status":"closed","template":"","meta":[],"product_brand":[2718],"product_cat":[4482],"product_tag":[1425,1429,2353,4486,4124,2909,2942,633,295,4387,4059,4489,1655,1672,4190,2102,473,1668,493,742,483,2748,4173,4484,4251,489,4485,4487,4488,2938],"class_list":{"0":"post-43901","1":"product","2":"type-product","3":"status-publish","4":"has-post-thumbnail","6":"product_brand-gasia-casuals","7":"product_cat-inci-dunyasi","8":"product_tag-baget-pirlanta-kolye","9":"product_tag-baguette-diamond-necklace","10":"product_tag-beyaz-altin-kolye","11":"product_tag-black-pearl-necklace","12":"product_tag-bridal-jewelry","13":"product_tag-classic-jewelry","14":"product_tag-contemporary-necklace","15":"product_tag-designer-necklace","16":"product_tag-diamond-pendant","17":"product_tag-elegant-pearl-necklace","18":"product_tag-elegant-pendant","19":"product_tag-evening-jewelry","20":"product_tag-fine-jewelry","21":"product_tag-handcrafted-jewelry","22":"product_tag-high-jewelry","23":"product_tag-inci-kolye","24":"product_tag-kadin-kolye","25":"product_tag-luxury-jewelry","26":"product_tag-luxury-pendant","27":"product_tag-modern-jewelry","28":"product_tag-ozel-tasarim-kolye","29":"product_tag-pearl-pendant","30":"product_tag-premium-jewelry","31":"product_tag-siyah-inci-kolye","32":"product_tag-sophisticated-jewelry","33":"product_tag-statement-necklace","34":"product_tag-tahiti-incisi-kolye","35":"product_tag-tahitian-pearl-pendant","36":"product_tag-timeless-necklace","37":"product_tag-white-gold-necklace","38":"pa_cinsiyet-kadin","40":"first","41":"instock","42":"sale","43":"shipping-taxable","44":"purchasable","45":"product-type-simple"},"_links":{"self":[{"href":"https:\/\/www.gasia.com.tr\/en\/wp-json\/wp\/v2\/product\/43901","targetHints":{"allow":["GET"]}}],"collection":[{"href":"https:\/\/www.gasia.com.tr\/en\/wp-json\/wp\/v2\/product"}],"about":[{"href":"https:\/\/www.gasia.com.tr\/en\/wp-json\/wp\/v2\/types\/product"}],"replies":[{"embeddable":true,"href":"https:\/\/www.gasia.com.tr\/en\/wp-json\/wp\/v2\/comments?post=43901"}],"version-history":[{"count":2,"href":"https:\/\/www.gasia.com.tr\/en\/wp-json\/wp\/v2\/product\/43901\/revisions"}],"predecessor-version":[{"id":43904,"href":"https:\/\/www.gasia.com.tr\/en\/wp-json\/wp\/v2\/product\/43901\/revisions\/43904"}],"wp:featuredmedia":[{"embeddable":true,"href":"https:\/\/www.gasia.com.tr\/en\/wp-json\/wp\/v2\/media\/43902"}],"wp:attachment":[{"href":"https:\/\/www.gasia.com.tr\/en\/wp-json\/wp\/v2\/media?parent=43901"}],"wp:term":[{"taxonomy":"product_brand","embeddable":true,"href":"https:\/\/www.gasia.com.tr\/en\/wp-json\/wp\/v2\/product_brand?post=43901"},{"taxonomy":"product_cat","embeddable":true,"href":"https:\/\/www.gasia.com.tr\/en\/wp-json\/wp\/v2\/product_cat?post=43901"},{"taxonomy":"product_tag","embeddable":true,"href":"https:\/\/www.gasia.com.tr\/en\/wp-json\/wp\/v2\/product_tag?post=43901"}],"curies":[{"name":"wp","href":"https:\/\/api.w.org\/{rel}","templated":true}]}}