{"id":43909,"date":"2026-05-12T15:59:07","date_gmt":"2026-05-12T12:59:07","guid":{"rendered":"https:\/\/www.gasia.com.tr\/?post_type=product&#038;p=43909"},"modified":"2026-05-12T15:59:34","modified_gmt":"2026-05-12T12:59:34","slug":"south-sea-incili-pirlanta-altin-kolye","status":"publish","type":"product","link":"https:\/\/www.gasia.com.tr\/en\/collections\/south-sea-incili-pirlanta-altin-kolye\/","title":{"rendered":"South Sea \u0130ncili P\u0131rlanta Alt\u0131n Kolye"},"content":{"rendered":"<p data-start=\"57\" data-end=\"464\">Do\u011fal South Sea incisinin b\u00fcy\u00fcleyici \u0131\u015f\u0131lt\u0131s\u0131n\u0131 zarif p\u0131rlanta detaylarla bulu\u015fturan bu \u00f6zel kolye, l\u00fcks ve zamans\u0131z tasar\u0131m anlay\u0131\u015f\u0131n\u0131 yans\u0131t\u0131yor. Ak\u0131c\u0131 alt\u0131n form ve s\u0131cak alt\u0131n tonlu inci, sofistike bir g\u00f6r\u00fcn\u00fcm olu\u015ftururken; ince i\u015flenmi\u015f p\u0131rlantalar tasar\u0131ma modern bir \u0131\u015f\u0131lt\u0131 kat\u0131yor. G\u00fcnl\u00fck \u015f\u0131kl\u0131kta veya \u00f6zel davetlerde stilinizi tamamlayacak se\u00e7kin ve zarif bir m\u00fccevher tasar\u0131m\u0131d\u0131r.<\/p>\n<p data-start=\"466\" data-end=\"1053\" data-is-last-node=\"\" data-is-only-node=\"\">","protected":false},"excerpt":{"rendered":"<ul>\n<li>18 Ayar Alt\u0131n<\/li>\n<li>0,03 ct\u00a0 6 adet P\u0131rlanta<\/li>\n<li>45 cm Zincir Uzunlu\u011fu<\/li>\n<li>13 mm do\u011fal South Sea \u0130nci<\/li>\n<\/ul>","protected":false},"featured_media":43910,"comment_status":"open","ping_status":"closed","template":"","meta":[],"product_brand":[2718],"product_cat":[4482],"product_tag":[2968,4124,2909,352,633,294,2926,4059,1655,322,4287,4492,1672,4190,473,4369,4494,493,742,483,2118,2748,276,4173,4251,4493,4490,4491,489,4488],"class_list":{"0":"post-43909","1":"product","2":"type-product","3":"status-publish","4":"has-post-thumbnail","6":"product_brand-gasia-casuals","7":"product_cat-inci-dunyasi","8":"product_tag-altin-inci-kolye","9":"product_tag-bridal-jewelry","10":"product_tag-classic-jewelry","11":"product_tag-contemporary-jewelry","12":"product_tag-designer-necklace","13":"product_tag-diamond-necklace","14":"product_tag-elegant-jewelry","15":"product_tag-elegant-pendant","16":"product_tag-fine-jewelry","17":"product_tag-gold-necklace","18":"product_tag-gold-pearl-pendant","19":"product_tag-golden-south-sea-pearl","20":"product_tag-handcrafted-jewelry","21":"product_tag-high-jewelry","22":"product_tag-kadin-kolye","23":"product_tag-luxury-gold-necklace","24":"product_tag-luxury-pearl-necklace","25":"product_tag-luxury-pendant","26":"product_tag-modern-jewelry","27":"product_tag-ozel-tasarim-kolye","28":"product_tag-pearl-jewelry","29":"product_tag-pearl-pendant","30":"product_tag-pirlanta-kolye","31":"product_tag-premium-jewelry","32":"product_tag-sophisticated-jewelry","33":"product_tag-south-sea-inci-kolye","34":"product_tag-south-sea-pearl-necklace","35":"product_tag-south-sea-pearl-pendant","36":"product_tag-statement-necklace","37":"product_tag-timeless-necklace","38":"pa_cinsiyet-kadin","40":"first","41":"instock","42":"shipping-taxable","43":"purchasable","44":"product-type-simple"},"_links":{"self":[{"href":"https:\/\/www.gasia.com.tr\/en\/wp-json\/wp\/v2\/product\/43909","targetHints":{"allow":["GET"]}}],"collection":[{"href":"https:\/\/www.gasia.com.tr\/en\/wp-json\/wp\/v2\/product"}],"about":[{"href":"https:\/\/www.gasia.com.tr\/en\/wp-json\/wp\/v2\/types\/product"}],"replies":[{"embeddable":true,"href":"https:\/\/www.gasia.com.tr\/en\/wp-json\/wp\/v2\/comments?post=43909"}],"version-history":[{"count":1,"href":"https:\/\/www.gasia.com.tr\/en\/wp-json\/wp\/v2\/product\/43909\/revisions"}],"predecessor-version":[{"id":43911,"href":"https:\/\/www.gasia.com.tr\/en\/wp-json\/wp\/v2\/product\/43909\/revisions\/43911"}],"wp:featuredmedia":[{"embeddable":true,"href":"https:\/\/www.gasia.com.tr\/en\/wp-json\/wp\/v2\/media\/43910"}],"wp:attachment":[{"href":"https:\/\/www.gasia.com.tr\/en\/wp-json\/wp\/v2\/media?parent=43909"}],"wp:term":[{"taxonomy":"product_brand","embeddable":true,"href":"https:\/\/www.gasia.com.tr\/en\/wp-json\/wp\/v2\/product_brand?post=43909"},{"taxonomy":"product_cat","embeddable":true,"href":"https:\/\/www.gasia.com.tr\/en\/wp-json\/wp\/v2\/product_cat?post=43909"},{"taxonomy":"product_tag","embeddable":true,"href":"https:\/\/www.gasia.com.tr\/en\/wp-json\/wp\/v2\/product_tag?post=43909"}],"curies":[{"name":"wp","href":"https:\/\/api.w.org\/{rel}","templated":true}]}}