{"id":43912,"date":"2026-05-12T16:36:37","date_gmt":"2026-05-12T13:36:37","guid":{"rendered":"https:\/\/www.gasia.com.tr\/?post_type=product&#038;p=43912"},"modified":"2026-05-12T22:28:26","modified_gmt":"2026-05-12T19:28:26","slug":"kirmizi-mineli-allah-yazili-altin-kolye","status":"publish","type":"product","link":"https:\/\/www.gasia.com.tr\/en\/collections\/kirmizi-mineli-allah-yazili-altin-kolye\/","title":{"rendered":"K\u0131rm\u0131z\u0131 Mineli Allah Yaz\u0131l\u0131 Alt\u0131n Kolye"},"content":{"rendered":"<p data-start=\"59\" data-end=\"464\">Geleneksel hat sanat\u0131ndan ilham alan bu \u00f6zel Allah yaz\u0131l\u0131 kolye, canl\u0131 k\u0131rm\u0131z\u0131 mine detaylar\u0131 ve parlak alt\u0131n \u00e7er\u00e7evesiyle g\u00fc\u00e7l\u00fc bir estetik sunuyor. Modern yorumla haz\u0131rlanan tasar\u0131m; manevi anlam\u0131, zarif i\u015f\u00e7ili\u011fi ve dikkat \u00e7ekici renk kontrast\u0131n\u0131 bir araya getiriyor. G\u00fcnl\u00fck kullan\u0131mda \u015f\u0131k bir sembol olarak \u00f6ne \u00e7\u0131kan bu kolye, anlaml\u0131 hediye se\u00e7enekleri aras\u0131nda da \u00f6zel bir yere sahip.<\/p>\n<p data-start=\"466\" data-end=\"1011\" data-is-last-node=\"\" data-is-only-node=\"\">","protected":false},"excerpt":{"rendered":"<ul>\n<li>14 Ayar Alt\u0131n<\/li>\n<li>2.26 Gram<\/li>\n<li>45 cm Zincir Uzunlu\u011fu<\/li>\n<\/ul>","protected":false},"featured_media":43913,"comment_status":"open","ping_status":"closed","template":"","meta":[],"product_brand":[2718,2719],"product_cat":[247,4529,260],"product_tag":[3169,976,278,4500,991,4454,3299,978,4059,4496,1655,1647,1697,1995,4499,3172,3171,985,473,4495,493,2592,2711,4344,1033,483,4173,4497,4498,2593],"class_list":{"0":"post-43912","1":"product","2":"type-product","3":"status-publish","4":"has-post-thumbnail","6":"product_brand-gasia-casuals","7":"product_brand-gasia-protect","8":"product_cat-hediyelik","9":"product_cat-dini-semboller","10":"product_cat-kadin","11":"product_tag-allah-kolye","12":"product_tag-allah-yazili-kolye","13":"product_tag-altin-kolye","14":"product_tag-anlamli-hediye","15":"product_tag-arabic-calligraphy-necklace","16":"product_tag-arapca-yazili-kolye","17":"product_tag-designer-jewelry","18":"product_tag-dini-kolye","19":"product_tag-elegant-pendant","20":"product_tag-enamel-pendant","21":"product_tag-fine-jewelry","22":"product_tag-gold-chain-necklace","23":"product_tag-gold-pendant","24":"product_tag-gunluk-kolye","25":"product_tag-handcrafted-pendant","26":"product_tag-hat-sanati-kolye","27":"product_tag-islami-taki","28":"product_tag-islamic-necklace","29":"product_tag-kadin-kolye","30":"product_tag-kirmizi-mine-kolye","31":"product_tag-luxury-pendant","32":"product_tag-manevi-taki","33":"product_tag-mine-kolye","34":"product_tag-modern-islamic-jewelry","35":"product_tag-muslim-jewelry","36":"product_tag-ozel-tasarim-kolye","37":"product_tag-premium-jewelry","38":"product_tag-red-enamel-jewelry","39":"product_tag-religious-necklace","40":"product_tag-spiritual-jewelry","41":"pa_cinsiyet-kadin","43":"first","44":"instock","45":"sale","46":"sold-individually","47":"shipping-taxable","48":"purchasable","49":"product-type-simple"},"_links":{"self":[{"href":"https:\/\/www.gasia.com.tr\/en\/wp-json\/wp\/v2\/product\/43912","targetHints":{"allow":["GET"]}}],"collection":[{"href":"https:\/\/www.gasia.com.tr\/en\/wp-json\/wp\/v2\/product"}],"about":[{"href":"https:\/\/www.gasia.com.tr\/en\/wp-json\/wp\/v2\/types\/product"}],"replies":[{"embeddable":true,"href":"https:\/\/www.gasia.com.tr\/en\/wp-json\/wp\/v2\/comments?post=43912"}],"version-history":[{"count":1,"href":"https:\/\/www.gasia.com.tr\/en\/wp-json\/wp\/v2\/product\/43912\/revisions"}],"predecessor-version":[{"id":43914,"href":"https:\/\/www.gasia.com.tr\/en\/wp-json\/wp\/v2\/product\/43912\/revisions\/43914"}],"wp:featuredmedia":[{"embeddable":true,"href":"https:\/\/www.gasia.com.tr\/en\/wp-json\/wp\/v2\/media\/43913"}],"wp:attachment":[{"href":"https:\/\/www.gasia.com.tr\/en\/wp-json\/wp\/v2\/media?parent=43912"}],"wp:term":[{"taxonomy":"product_brand","embeddable":true,"href":"https:\/\/www.gasia.com.tr\/en\/wp-json\/wp\/v2\/product_brand?post=43912"},{"taxonomy":"product_cat","embeddable":true,"href":"https:\/\/www.gasia.com.tr\/en\/wp-json\/wp\/v2\/product_cat?post=43912"},{"taxonomy":"product_tag","embeddable":true,"href":"https:\/\/www.gasia.com.tr\/en\/wp-json\/wp\/v2\/product_tag?post=43912"}],"curies":[{"name":"wp","href":"https:\/\/api.w.org\/{rel}","templated":true}]}}