{"id":43915,"date":"2026-05-12T16:42:59","date_gmt":"2026-05-12T13:42:59","guid":{"rendered":"https:\/\/www.gasia.com.tr\/?post_type=product&#038;p=43915"},"modified":"2026-05-12T16:53:28","modified_gmt":"2026-05-12T13:53:28","slug":"minimal-south-sea-altin-inci-kolye","status":"publish","type":"product","link":"https:\/\/www.gasia.com.tr\/en\/collections\/minimal-south-sea-altin-inci-kolye\/","title":{"rendered":"Minimal South Sea Alt\u0131n \u0130nci Kolye"},"content":{"rendered":"<p data-start=\"54\" data-end=\"476\">Saf ve zamans\u0131z tasar\u0131m anlay\u0131\u015f\u0131n\u0131 yans\u0131tan bu minimal kolye, do\u011fal South Sea alt\u0131n incisinin s\u0131cak \u0131\u015f\u0131lt\u0131s\u0131n\u0131 sade bir zarafetle \u00f6n plana \u00e7\u0131kar\u0131yor. Beyaz alt\u0131n detay ve ince zincir formu, inciye modern ve rafine bir g\u00f6r\u00fcn\u00fcm kazand\u0131r\u0131rken g\u00fcnl\u00fck kullan\u0131m i\u00e7in \u015f\u0131k ve l\u00fcks bir alternatif sunuyor. Do\u011fal g\u00fczelli\u011fi \u00f6n plana \u00e7\u0131kan bu \u00f6zel tasar\u0131m, sade l\u00fcks\u00fc sevenler i\u00e7in vazge\u00e7ilmez bir m\u00fccevher par\u00e7as\u0131d\u0131r.<\/p>\n<p data-start=\"478\" data-end=\"1076\" data-is-last-node=\"\" data-is-only-node=\"\">","protected":false},"excerpt":{"rendered":"<ul>\n<li>18 Ayar Alt\u0131n<\/li>\n<li>45 cm Uzunlu\u011funda Zincir<\/li>\n<li>10,50 mm \u0130nci<\/li>\n<\/ul>","protected":false},"featured_media":43916,"comment_status":"open","ping_status":"closed","template":"","meta":[],"product_brand":[2718],"product_cat":[4482],"product_tag":[2968,2909,2942,3299,2926,4387,4407,1655,4287,4492,3148,4190,473,1417,4494,493,4501,1767,742,483,2118,2748,4173,4228,4503,4502,4493,4490,4126,2938],"class_list":{"0":"post-43915","1":"product","2":"type-product","3":"status-publish","4":"has-post-thumbnail","6":"product_brand-gasia-casuals","7":"product_cat-inci-dunyasi","8":"product_tag-altin-inci-kolye","9":"product_tag-classic-jewelry","10":"product_tag-contemporary-necklace","11":"product_tag-designer-jewelry","12":"product_tag-elegant-jewelry","13":"product_tag-elegant-pearl-necklace","14":"product_tag-everyday-luxury","15":"product_tag-fine-jewelry","16":"product_tag-gold-pearl-pendant","17":"product_tag-golden-south-sea-pearl","18":"product_tag-handcrafted-necklace","19":"product_tag-high-jewelry","20":"product_tag-kadin-kolye","21":"product_tag-luxury-necklace","22":"product_tag-luxury-pearl-necklace","23":"product_tag-luxury-pendant","24":"product_tag-minimal-inci-kolye","25":"product_tag-minimalist-necklace","26":"product_tag-modern-jewelry","27":"product_tag-ozel-tasarim-kolye","28":"product_tag-pearl-jewelry","29":"product_tag-pearl-pendant","30":"product_tag-premium-jewelry","31":"product_tag-refined-jewelry","32":"product_tag-simple-pearl-necklace","33":"product_tag-sophisticated-pendant","34":"product_tag-south-sea-inci-kolye","35":"product_tag-south-sea-pearl-necklace","36":"product_tag-timeless-jewelry","37":"product_tag-white-gold-necklace","38":"pa_cinsiyet-kadin","40":"first","41":"instock","42":"shipping-taxable","43":"purchasable","44":"product-type-simple"},"_links":{"self":[{"href":"https:\/\/www.gasia.com.tr\/en\/wp-json\/wp\/v2\/product\/43915","targetHints":{"allow":["GET"]}}],"collection":[{"href":"https:\/\/www.gasia.com.tr\/en\/wp-json\/wp\/v2\/product"}],"about":[{"href":"https:\/\/www.gasia.com.tr\/en\/wp-json\/wp\/v2\/types\/product"}],"replies":[{"embeddable":true,"href":"https:\/\/www.gasia.com.tr\/en\/wp-json\/wp\/v2\/comments?post=43915"}],"version-history":[{"count":2,"href":"https:\/\/www.gasia.com.tr\/en\/wp-json\/wp\/v2\/product\/43915\/revisions"}],"predecessor-version":[{"id":43918,"href":"https:\/\/www.gasia.com.tr\/en\/wp-json\/wp\/v2\/product\/43915\/revisions\/43918"}],"wp:featuredmedia":[{"embeddable":true,"href":"https:\/\/www.gasia.com.tr\/en\/wp-json\/wp\/v2\/media\/43916"}],"wp:attachment":[{"href":"https:\/\/www.gasia.com.tr\/en\/wp-json\/wp\/v2\/media?parent=43915"}],"wp:term":[{"taxonomy":"product_brand","embeddable":true,"href":"https:\/\/www.gasia.com.tr\/en\/wp-json\/wp\/v2\/product_brand?post=43915"},{"taxonomy":"product_cat","embeddable":true,"href":"https:\/\/www.gasia.com.tr\/en\/wp-json\/wp\/v2\/product_cat?post=43915"},{"taxonomy":"product_tag","embeddable":true,"href":"https:\/\/www.gasia.com.tr\/en\/wp-json\/wp\/v2\/product_tag?post=43915"}],"curies":[{"name":"wp","href":"https:\/\/api.w.org\/{rel}","templated":true}]}}