{"id":43919,"date":"2026-05-12T16:52:12","date_gmt":"2026-05-12T13:52:12","guid":{"rendered":"https:\/\/www.gasia.com.tr\/?post_type=product&#038;p=43919"},"modified":"2026-05-12T16:53:28","modified_gmt":"2026-05-12T13:53:28","slug":"south-sea-altin-inci-ve-pirlanta-detayli-kolye","status":"publish","type":"product","link":"https:\/\/www.gasia.com.tr\/en\/collections\/south-sea-altin-inci-ve-pirlanta-detayli-kolye\/","title":{"rendered":"South Sea Alt\u0131n \u0130nci ve P\u0131rlanta Detayl\u0131 Kolye"},"content":{"rendered":"<p data-start=\"66\" data-end=\"501\">Zarafetin en saf halini yans\u0131tan bu \u00f6zel tasar\u0131m kolye, g\u00f6z al\u0131c\u0131 South Sea alt\u0131n incisi ve ince p\u0131rlanta detaylar\u0131yla l\u00fcks m\u00fccevher anlay\u0131\u015f\u0131n\u0131 modern \u00e7izgilerle bulu\u015fturuyor. I\u015f\u0131lt\u0131l\u0131 alt\u0131n form ve do\u011fal inci y\u00fczeyi, kolyeye sofistike ve zamans\u0131z bir g\u00f6r\u00fcn\u00fcm kazand\u0131r\u0131rken hem g\u00fcnl\u00fck \u015f\u0131kl\u0131k hem \u00f6zel davetler i\u00e7in e\u015fsiz bir tamamlay\u0131c\u0131 sunuyor. Minimal ama etkileyici tasar\u0131m\u0131yla koleksiyonluk bir m\u00fccevher par\u00e7as\u0131d\u0131r.<\/p>\n<p data-start=\"503\" data-end=\"1124\" data-is-last-node=\"\" data-is-only-node=\"\">","protected":false},"excerpt":{"rendered":"<ul>\n<li>18 Ayar Alt\u0131n<\/li>\n<li>0,015 ct 3 Adet P\u0131rlanta<\/li>\n<li>45 cm Zincir Uzunlu\u011fu<\/li>\n<li>12,60 mm \u0130nci<\/li>\n<\/ul>","protected":false},"featured_media":43920,"comment_status":"open","ping_status":"closed","template":"","meta":[],"product_brand":[2718],"product_cat":[4482],"product_tag":[2968,4507,633,4285,2926,4508,4187,1655,4505,4287,4492,1672,4190,4506,1668,4494,493,742,4510,483,2748,4504,4429,4509,4228,4406,4493,4490,4491,4126],"class_list":{"0":"post-43919","1":"product","2":"type-product","3":"status-publish","4":"has-post-thumbnail","6":"product_brand-gasia-casuals","7":"product_cat-inci-dunyasi","8":"product_tag-altin-inci-kolye","9":"product_tag-classic-pearl-necklace","10":"product_tag-designer-necklace","11":"product_tag-diamond-pearl-necklace","12":"product_tag-elegant-jewelry","13":"product_tag-elegant-pearl-pendant","14":"product_tag-exclusive-jewelry","15":"product_tag-fine-jewelry","16":"product_tag-gold-jewelry","17":"product_tag-gold-pearl-pendant","18":"product_tag-golden-south-sea-pearl","19":"product_tag-handcrafted-jewelry","20":"product_tag-high-jewelry","21":"product_tag-kadin-inci-kolye","22":"product_tag-luxury-jewelry","23":"product_tag-luxury-pearl-necklace","24":"product_tag-luxury-pendant","25":"product_tag-modern-jewelry","26":"product_tag-natural-south-sea-pearl","27":"product_tag-ozel-tasarim-kolye","28":"product_tag-pearl-pendant","29":"product_tag-pirlantali-inci-kolye","30":"product_tag-premium-necklace","31":"product_tag-real-pearl-necklace","32":"product_tag-refined-jewelry","33":"product_tag-sophisticated-necklace","34":"product_tag-south-sea-inci-kolye","35":"product_tag-south-sea-pearl-necklace","36":"product_tag-south-sea-pearl-pendant","37":"product_tag-timeless-jewelry","38":"pa_cinsiyet-kadin","40":"first","41":"instock","42":"sale","43":"shipping-taxable","44":"purchasable","45":"product-type-simple"},"_links":{"self":[{"href":"https:\/\/www.gasia.com.tr\/en\/wp-json\/wp\/v2\/product\/43919","targetHints":{"allow":["GET"]}}],"collection":[{"href":"https:\/\/www.gasia.com.tr\/en\/wp-json\/wp\/v2\/product"}],"about":[{"href":"https:\/\/www.gasia.com.tr\/en\/wp-json\/wp\/v2\/types\/product"}],"replies":[{"embeddable":true,"href":"https:\/\/www.gasia.com.tr\/en\/wp-json\/wp\/v2\/comments?post=43919"}],"version-history":[{"count":2,"href":"https:\/\/www.gasia.com.tr\/en\/wp-json\/wp\/v2\/product\/43919\/revisions"}],"predecessor-version":[{"id":43922,"href":"https:\/\/www.gasia.com.tr\/en\/wp-json\/wp\/v2\/product\/43919\/revisions\/43922"}],"wp:featuredmedia":[{"embeddable":true,"href":"https:\/\/www.gasia.com.tr\/en\/wp-json\/wp\/v2\/media\/43920"}],"wp:attachment":[{"href":"https:\/\/www.gasia.com.tr\/en\/wp-json\/wp\/v2\/media?parent=43919"}],"wp:term":[{"taxonomy":"product_brand","embeddable":true,"href":"https:\/\/www.gasia.com.tr\/en\/wp-json\/wp\/v2\/product_brand?post=43919"},{"taxonomy":"product_cat","embeddable":true,"href":"https:\/\/www.gasia.com.tr\/en\/wp-json\/wp\/v2\/product_cat?post=43919"},{"taxonomy":"product_tag","embeddable":true,"href":"https:\/\/www.gasia.com.tr\/en\/wp-json\/wp\/v2\/product_tag?post=43919"}],"curies":[{"name":"wp","href":"https:\/\/api.w.org\/{rel}","templated":true}]}}