{"id":43923,"date":"2026-05-12T16:59:01","date_gmt":"2026-05-12T13:59:01","guid":{"rendered":"https:\/\/www.gasia.com.tr\/?post_type=product&#038;p=43923"},"modified":"2026-05-12T16:59:28","modified_gmt":"2026-05-12T13:59:28","slug":"south-sea-altin-inci-ve-baget-pirlanta-kolye","status":"publish","type":"product","link":"https:\/\/www.gasia.com.tr\/en\/collections\/south-sea-altin-inci-ve-baget-pirlanta-kolye\/","title":{"rendered":"South Sea Alt\u0131n \u0130nci ve Baget P\u0131rlanta Kolye"},"content":{"rendered":"<p data-start=\"64\" data-end=\"556\">Modern l\u00fcks anlay\u0131\u015f\u0131n\u0131 zarif detaylarla bulu\u015fturan bu \u00f6zel tasar\u0131m kolye, g\u00f6z kama\u015ft\u0131r\u0131c\u0131 South Sea alt\u0131n incisi ve baget kesim p\u0131rlanta detaylar\u0131yla sofistike bir \u015f\u0131kl\u0131k sunuyor. Geometrik halka formu i\u00e7erisindeki \u0131\u015f\u0131lt\u0131l\u0131 ta\u015f dizilimi, klasik inci tasar\u0131m\u0131na \u00e7a\u011fda\u015f bir yorum katarken; s\u0131cak alt\u0131n tonlar\u0131 ve do\u011fal South Sea incisinin e\u015fsiz parlakl\u0131\u011f\u0131 kolyeye se\u00e7kin bir karakter kazand\u0131r\u0131yor. \u00d6zel g\u00fcnlerde oldu\u011fu kadar g\u00fcnl\u00fck l\u00fcks stil i\u00e7in de kusursuz bir tamamlay\u0131c\u0131d\u0131r.<\/p>\n<p data-start=\"558\" data-end=\"1221\" data-is-last-node=\"\" data-is-only-node=\"\">","protected":false},"excerpt":{"rendered":"<ul>\n<li>18 Ayar Alt\u0131n<\/li>\n<li>0,14 ct P\u0131rlanta<\/li>\n<li>45 cm Uzunlu\u011funda Zincir<\/li>\n<li>13 mm South Sea \u0130nci<\/li>\n<\/ul>","protected":false},"featured_media":43924,"comment_status":"open","ping_status":"closed","template":"","meta":[],"product_brand":[2718],"product_cat":[4482],"product_tag":[2968,1425,4511,352,3299,4512,641,2926,4387,4187,1655,4513,4287,4492,1672,4190,1668,4494,493,4386,4510,4515,4429,4509,4406,4493,4490,4516,4126,4514],"class_list":{"0":"post-43923","1":"product","2":"type-product","3":"status-publish","4":"has-post-thumbnail","6":"product_brand-gasia-casuals","7":"product_cat-inci-dunyasi","8":"product_tag-altin-inci-kolye","9":"product_tag-baget-pirlanta-kolye","10":"product_tag-baguet-diamond-necklace","11":"product_tag-contemporary-jewelry","12":"product_tag-designer-jewelry","13":"product_tag-diamond-pearl-pendant","14":"product_tag-diamond-pendant-necklace","15":"product_tag-elegant-jewelry","16":"product_tag-elegant-pearl-necklace","17":"product_tag-exclusive-jewelry","18":"product_tag-fine-jewelry","19":"product_tag-geometric-pendant-necklace","20":"product_tag-gold-pearl-pendant","21":"product_tag-golden-south-sea-pearl","22":"product_tag-handcrafted-jewelry","23":"product_tag-high-jewelry","24":"product_tag-luxury-jewelry","25":"product_tag-luxury-pearl-necklace","26":"product_tag-luxury-pendant","27":"product_tag-modern-pearl-necklace","28":"product_tag-natural-south-sea-pearl","29":"product_tag-pearl-pendant-gold","30":"product_tag-premium-necklace","31":"product_tag-real-pearl-necklace","32":"product_tag-sophisticated-necklace","33":"product_tag-south-sea-inci-kolye","34":"product_tag-south-sea-pearl-necklace","35":"product_tag-statement-pearl-necklace","36":"product_tag-timeless-jewelry","37":"product_tag-women-luxury-necklace","38":"pa_cinsiyet-kadin","40":"first","41":"instock","42":"sale","43":"shipping-taxable","44":"purchasable","45":"product-type-simple"},"_links":{"self":[{"href":"https:\/\/www.gasia.com.tr\/en\/wp-json\/wp\/v2\/product\/43923","targetHints":{"allow":["GET"]}}],"collection":[{"href":"https:\/\/www.gasia.com.tr\/en\/wp-json\/wp\/v2\/product"}],"about":[{"href":"https:\/\/www.gasia.com.tr\/en\/wp-json\/wp\/v2\/types\/product"}],"replies":[{"embeddable":true,"href":"https:\/\/www.gasia.com.tr\/en\/wp-json\/wp\/v2\/comments?post=43923"}],"version-history":[{"count":2,"href":"https:\/\/www.gasia.com.tr\/en\/wp-json\/wp\/v2\/product\/43923\/revisions"}],"predecessor-version":[{"id":43926,"href":"https:\/\/www.gasia.com.tr\/en\/wp-json\/wp\/v2\/product\/43923\/revisions\/43926"}],"wp:featuredmedia":[{"embeddable":true,"href":"https:\/\/www.gasia.com.tr\/en\/wp-json\/wp\/v2\/media\/43924"}],"wp:attachment":[{"href":"https:\/\/www.gasia.com.tr\/en\/wp-json\/wp\/v2\/media?parent=43923"}],"wp:term":[{"taxonomy":"product_brand","embeddable":true,"href":"https:\/\/www.gasia.com.tr\/en\/wp-json\/wp\/v2\/product_brand?post=43923"},{"taxonomy":"product_cat","embeddable":true,"href":"https:\/\/www.gasia.com.tr\/en\/wp-json\/wp\/v2\/product_cat?post=43923"},{"taxonomy":"product_tag","embeddable":true,"href":"https:\/\/www.gasia.com.tr\/en\/wp-json\/wp\/v2\/product_tag?post=43923"}],"curies":[{"name":"wp","href":"https:\/\/api.w.org\/{rel}","templated":true}]}}