{"id":43927,"date":"2026-05-12T17:05:56","date_gmt":"2026-05-12T14:05:56","guid":{"rendered":"https:\/\/www.gasia.com.tr\/?post_type=product&#038;p=43927"},"modified":"2026-05-12T17:06:11","modified_gmt":"2026-05-12T14:06:11","slug":"dogal-inci-ve-pirlanta-detayli-beyaz-altin-kolye","status":"publish","type":"product","link":"https:\/\/www.gasia.com.tr\/en\/collections\/dogal-inci-ve-pirlanta-detayli-beyaz-altin-kolye\/","title":{"rendered":"Do\u011fal \u0130nci ve P\u0131rlanta Detayl\u0131 Beyaz Alt\u0131n Kolye"},"content":{"rendered":"<p data-start=\"68\" data-end=\"542\">Minimalist \u015f\u0131kl\u0131\u011f\u0131 zamans\u0131z zarafetle bulu\u015fturan bu \u00f6zel tasar\u0131m kolye, do\u011fal barok inci ve p\u0131rlanta detayl\u0131 beyaz alt\u0131n formuyla modern m\u00fccevher stiline sofistike bir dokunu\u015f kat\u0131yor. \u0130nciyi \u00e7evreleyen ince ta\u015f i\u015flemeleri, tasar\u0131ma zarif bir \u0131\u015f\u0131lt\u0131 kazand\u0131r\u0131rken do\u011fal inci y\u00fczeyinin organik yap\u0131s\u0131 her par\u00e7ay\u0131 benzersiz hale getiriyor. G\u00fcnl\u00fck kullan\u0131mda sade l\u00fcks arayanlar ve \u00f6zel davetlerde zarif bir g\u00f6r\u00fcn\u00fcm isteyenler i\u00e7in ideal bir m\u00fccevher se\u00e7imidir.<\/p>\n<p data-start=\"544\" data-end=\"1171\" data-is-last-node=\"\" data-is-only-node=\"\">","protected":false},"excerpt":{"rendered":"<ul>\n<li>18 Ayar Alt\u0131n<\/li>\n<li>0,27 ct P\u0131rlanta<\/li>\n<li>10,60 mm \u0130nci<\/li>\n<li>42 cm Zincir Uzunlu\u011fu<\/li>\n<\/ul>","protected":false},"featured_media":43928,"comment_status":"open","ping_status":"closed","template":"","meta":[],"product_brand":[2718],"product_cat":[4482],"product_tag":[2103,2353,4507,352,3299,4285,2761,1637,4508,4521,1655,1672,4190,1668,4494,493,1639,4178,4386,4518,2105,2748,4504,4173,4509,4251,4488,4517,4519,4520],"class_list":{"0":"post-43927","1":"product","2":"type-product","3":"status-publish","4":"has-post-thumbnail","6":"product_brand-gasia-casuals","7":"product_cat-inci-dunyasi","8":"product_tag-barok-inci-kolye","9":"product_tag-beyaz-altin-kolye","10":"product_tag-classic-pearl-necklace","11":"product_tag-contemporary-jewelry","12":"product_tag-designer-jewelry","13":"product_tag-diamond-pearl-necklace","14":"product_tag-dogal-inci-kolye","15":"product_tag-elegant-necklace","16":"product_tag-elegant-pearl-pendant","17":"product_tag-exclusive-necklace","18":"product_tag-fine-jewelry","19":"product_tag-handcrafted-jewelry","20":"product_tag-high-jewelry","21":"product_tag-luxury-jewelry","22":"product_tag-luxury-pearl-necklace","23":"product_tag-luxury-pendant","24":"product_tag-minimalist-jewelry","25":"product_tag-modern-luxury-jewelry","26":"product_tag-modern-pearl-necklace","27":"product_tag-natural-pearl-pendant","28":"product_tag-pearl-necklace","29":"product_tag-pearl-pendant","30":"product_tag-pirlantali-inci-kolye","31":"product_tag-premium-jewelry","32":"product_tag-real-pearl-necklace","33":"product_tag-sophisticated-jewelry","34":"product_tag-timeless-necklace","35":"product_tag-white-gold-pearl-necklace","36":"product_tag-white-gold-pendant","37":"product_tag-women-pearl-necklace","38":"pa_cinsiyet-kadin","40":"first","41":"instock","42":"sale","43":"shipping-taxable","44":"purchasable","45":"product-type-simple"},"_links":{"self":[{"href":"https:\/\/www.gasia.com.tr\/en\/wp-json\/wp\/v2\/product\/43927","targetHints":{"allow":["GET"]}}],"collection":[{"href":"https:\/\/www.gasia.com.tr\/en\/wp-json\/wp\/v2\/product"}],"about":[{"href":"https:\/\/www.gasia.com.tr\/en\/wp-json\/wp\/v2\/types\/product"}],"replies":[{"embeddable":true,"href":"https:\/\/www.gasia.com.tr\/en\/wp-json\/wp\/v2\/comments?post=43927"}],"version-history":[{"count":2,"href":"https:\/\/www.gasia.com.tr\/en\/wp-json\/wp\/v2\/product\/43927\/revisions"}],"predecessor-version":[{"id":43930,"href":"https:\/\/www.gasia.com.tr\/en\/wp-json\/wp\/v2\/product\/43927\/revisions\/43930"}],"wp:featuredmedia":[{"embeddable":true,"href":"https:\/\/www.gasia.com.tr\/en\/wp-json\/wp\/v2\/media\/43928"}],"wp:attachment":[{"href":"https:\/\/www.gasia.com.tr\/en\/wp-json\/wp\/v2\/media?parent=43927"}],"wp:term":[{"taxonomy":"product_brand","embeddable":true,"href":"https:\/\/www.gasia.com.tr\/en\/wp-json\/wp\/v2\/product_brand?post=43927"},{"taxonomy":"product_cat","embeddable":true,"href":"https:\/\/www.gasia.com.tr\/en\/wp-json\/wp\/v2\/product_cat?post=43927"},{"taxonomy":"product_tag","embeddable":true,"href":"https:\/\/www.gasia.com.tr\/en\/wp-json\/wp\/v2\/product_tag?post=43927"}],"curies":[{"name":"wp","href":"https:\/\/api.w.org\/{rel}","templated":true}]}}