{"id":43931,"date":"2026-05-12T18:04:44","date_gmt":"2026-05-12T15:04:44","guid":{"rendered":"https:\/\/www.gasia.com.tr\/?post_type=product&#038;p=43931"},"modified":"2026-05-12T23:04:47","modified_gmt":"2026-05-12T20:04:47","slug":"pirlanta-halo-detayli-inci-beyaz-altin-kolye","status":"publish","type":"product","link":"https:\/\/www.gasia.com.tr\/en\/collections\/pirlanta-halo-detayli-inci-beyaz-altin-kolye\/","title":{"rendered":"P\u0131rlanta Halo Detayl\u0131 \u0130nci Beyaz Alt\u0131n Kolye"},"content":{"rendered":"<p data-start=\"64\" data-end=\"522\">Klasik inci zarafetini modern p\u0131rlanta i\u015f\u00e7ili\u011fiyle bulu\u015fturan bu \u015f\u0131k kolye, merkezde yer alan do\u011fal inci ve etraf\u0131n\u0131 saran halo formundaki p\u0131rlanta detaylar\u0131yla g\u00f6z kama\u015ft\u0131r\u0131c\u0131 bir g\u00f6r\u00fcn\u00fcm sunuyor. Beyaz alt\u0131n\u0131n sofistike parlakl\u0131\u011f\u0131yla tamamlanan tasar\u0131m, minimal \u00e7izgiler i\u00e7erisinde g\u00fc\u00e7l\u00fc bir l\u00fcks hissi yarat\u0131yor. G\u00fcnl\u00fck kullan\u0131mda zarif bir dokunu\u015f, \u00f6zel davetlerde ise etkileyici bir tamamlay\u0131c\u0131 olarak \u00f6ne \u00e7\u0131kan zamans\u0131z bir m\u00fccevherdir.<\/p>\n<p data-start=\"524\" data-end=\"1158\" data-is-last-node=\"\" data-is-only-node=\"\">","protected":false},"excerpt":{"rendered":"<ul>\n<li>18 Ayar Alt\u0131n<\/li>\n<li>0,15 ct P\u0131rlanta<\/li>\n<li>41 cm Uzunlu\u011funda Zincir<\/li>\n<li>8,50 mm \u0130nci<\/li>\n<\/ul>","protected":false},"featured_media":43933,"comment_status":"open","ping_status":"closed","template":"","meta":[],"product_brand":[2718],"product_cat":[4482],"product_tag":[2353,4524,4507,633,4512,641,2926,4387,4187,1655,4522,1672,4190,2102,1668,4494,493,1639,4386,4284,4523,2748,4504,4173,4509,4406,4126,4525,4517,4520],"class_list":{"0":"post-43931","1":"product","2":"type-product","3":"status-publish","4":"has-post-thumbnail","6":"product_brand-gasia-casuals","7":"product_cat-inci-dunyasi","8":"product_tag-beyaz-altin-kolye","9":"product_tag-bridal-pearl-necklace","10":"product_tag-classic-pearl-necklace","11":"product_tag-designer-necklace","12":"product_tag-diamond-pearl-pendant","13":"product_tag-diamond-pendant-necklace","14":"product_tag-elegant-jewelry","15":"product_tag-elegant-pearl-necklace","16":"product_tag-exclusive-jewelry","17":"product_tag-fine-jewelry","18":"product_tag-halo-diamond-necklace","19":"product_tag-handcrafted-jewelry","20":"product_tag-high-jewelry","21":"product_tag-inci-kolye","22":"product_tag-luxury-jewelry","23":"product_tag-luxury-pearl-necklace","24":"product_tag-luxury-pendant","25":"product_tag-minimalist-jewelry","26":"product_tag-modern-pearl-necklace","27":"product_tag-natural-pearl-jewelry","28":"product_tag-pearl-halo-necklace","29":"product_tag-pearl-pendant","30":"product_tag-pirlantali-inci-kolye","31":"product_tag-premium-jewelry","32":"product_tag-real-pearl-necklace","33":"product_tag-sophisticated-necklace","34":"product_tag-timeless-jewelry","35":"product_tag-white-gold-jewelry","36":"product_tag-white-gold-pearl-necklace","37":"product_tag-women-pearl-necklace","38":"pa_cinsiyet-kadin","40":"first","41":"instock","42":"sale","43":"shipping-taxable","44":"purchasable","45":"product-type-simple"},"_links":{"self":[{"href":"https:\/\/www.gasia.com.tr\/en\/wp-json\/wp\/v2\/product\/43931","targetHints":{"allow":["GET"]}}],"collection":[{"href":"https:\/\/www.gasia.com.tr\/en\/wp-json\/wp\/v2\/product"}],"about":[{"href":"https:\/\/www.gasia.com.tr\/en\/wp-json\/wp\/v2\/types\/product"}],"replies":[{"embeddable":true,"href":"https:\/\/www.gasia.com.tr\/en\/wp-json\/wp\/v2\/comments?post=43931"}],"version-history":[{"count":2,"href":"https:\/\/www.gasia.com.tr\/en\/wp-json\/wp\/v2\/product\/43931\/revisions"}],"predecessor-version":[{"id":43935,"href":"https:\/\/www.gasia.com.tr\/en\/wp-json\/wp\/v2\/product\/43931\/revisions\/43935"}],"wp:featuredmedia":[{"embeddable":true,"href":"https:\/\/www.gasia.com.tr\/en\/wp-json\/wp\/v2\/media\/43933"}],"wp:attachment":[{"href":"https:\/\/www.gasia.com.tr\/en\/wp-json\/wp\/v2\/media?parent=43931"}],"wp:term":[{"taxonomy":"product_brand","embeddable":true,"href":"https:\/\/www.gasia.com.tr\/en\/wp-json\/wp\/v2\/product_brand?post=43931"},{"taxonomy":"product_cat","embeddable":true,"href":"https:\/\/www.gasia.com.tr\/en\/wp-json\/wp\/v2\/product_cat?post=43931"},{"taxonomy":"product_tag","embeddable":true,"href":"https:\/\/www.gasia.com.tr\/en\/wp-json\/wp\/v2\/product_tag?post=43931"}],"curies":[{"name":"wp","href":"https:\/\/api.w.org\/{rel}","templated":true}]}}