{"id":43936,"date":"2026-05-12T18:05:04","date_gmt":"2026-05-12T15:05:04","guid":{"rendered":"https:\/\/www.gasia.com.tr\/?post_type=product&#038;p=43936"},"modified":"2026-05-12T23:04:46","modified_gmt":"2026-05-12T20:04:46","slug":"pirlanta-halo-detayli-inci-altin-kolye","status":"publish","type":"product","link":"https:\/\/www.gasia.com.tr\/en\/collections\/pirlanta-halo-detayli-inci-altin-kolye\/","title":{"rendered":"P\u0131rlanta Halo Detayl\u0131 \u0130nci  Alt\u0131n Kolye"},"content":{"rendered":"<p data-start=\"58\" data-end=\"555\">Klasik inci zarafetini modern p\u0131rlanta \u0131\u015f\u0131lt\u0131s\u0131yla tamamlayan bu \u00f6zel tasar\u0131m kolye, merkezde yer alan do\u011fal inci ve \u00e7evresindeki halo formundaki p\u0131rlanta detaylar\u0131yla sofistike bir g\u00f6r\u00fcn\u00fcm sunuyor. S\u0131cak alt\u0131n tonlar\u0131yla birle\u015fen zarif tasar\u0131m, minimal \u00e7izgiler i\u00e7inde g\u00fc\u00e7l\u00fc bir l\u00fcks hissi yarat\u0131rken g\u00fcnl\u00fck \u015f\u0131kl\u0131k ve \u00f6zel davet kombinleri i\u00e7in zamans\u0131z bir tamamlay\u0131c\u0131 oluyor. \u0130nce i\u015f\u00e7ili\u011fi ve dengeli formuyla modern m\u00fccevher koleksiyonlar\u0131n\u0131n vazge\u00e7ilmez par\u00e7alar\u0131ndan biridir.<\/p>\n<p data-start=\"557\" data-end=\"1198\" data-is-last-node=\"\" data-is-only-node=\"\">\n<p data-start=\"524\" data-end=\"1158\" data-is-last-node=\"\" data-is-only-node=\"\">","protected":false},"excerpt":{"rendered":"<ul>\n<li>18 Ayar Alt\u0131n<\/li>\n<li>0,15 ct P\u0131rlanta<\/li>\n<li>41 cm Uzunlu\u011funda Zincir<\/li>\n<li>8,50 mm \u0130nci<\/li>\n<\/ul>","protected":false},"featured_media":43937,"comment_status":"open","ping_status":"closed","template":"","meta":[],"product_brand":[2718],"product_cat":[4482],"product_tag":[2968,4524,4507,352,633,1430,4512,641,2926,4387,4187,1655,4505,4481,4522,4526,1672,4190,2102,1668,4494,493,1639,4281,4386,4284,4518,4523,2748,4515,4358,4504,4173,4509,4251,4406,4126,4525,4517,4520],"class_list":{"0":"post-43936","1":"product","2":"type-product","3":"status-publish","4":"has-post-thumbnail","6":"product_brand-gasia-casuals","7":"product_cat-inci-dunyasi","8":"product_tag-altin-inci-kolye","9":"product_tag-bridal-pearl-necklace","10":"product_tag-classic-pearl-necklace","11":"product_tag-contemporary-jewelry","12":"product_tag-designer-necklace","13":"product_tag-diamond-halo-necklace","14":"product_tag-diamond-pearl-pendant","15":"product_tag-diamond-pendant-necklace","16":"product_tag-elegant-jewelry","17":"product_tag-elegant-pearl-necklace","18":"product_tag-exclusive-jewelry","19":"product_tag-fine-jewelry","20":"product_tag-gold-jewelry","21":"product_tag-gold-pearl-necklace","22":"product_tag-halo-diamond-necklace","23":"product_tag-halo-pearl-necklace","24":"product_tag-handcrafted-jewelry","25":"product_tag-high-jewelry","26":"product_tag-inci-kolye","27":"product_tag-luxury-jewelry","28":"product_tag-luxury-pearl-necklace","29":"product_tag-luxury-pendant","30":"product_tag-minimalist-jewelry","31":"product_tag-minimalist-luxury-necklace","32":"product_tag-modern-pearl-necklace","33":"product_tag-natural-pearl-jewelry","34":"product_tag-natural-pearl-pendant","35":"product_tag-pearl-halo-necklace","36":"product_tag-pearl-pendant","37":"product_tag-pearl-pendant-gold","38":"product_tag-pearl-pendant-necklace","39":"product_tag-pirlantali-inci-kolye","40":"product_tag-premium-jewelry","41":"product_tag-real-pearl-necklace","42":"product_tag-sophisticated-jewelry","43":"product_tag-sophisticated-necklace","44":"product_tag-timeless-jewelry","45":"product_tag-white-gold-jewelry","46":"product_tag-white-gold-pearl-necklace","47":"product_tag-women-pearl-necklace","48":"pa_cinsiyet-kadin","50":"first","51":"instock","52":"sale","53":"shipping-taxable","54":"purchasable","55":"product-type-simple"},"_links":{"self":[{"href":"https:\/\/www.gasia.com.tr\/en\/wp-json\/wp\/v2\/product\/43936","targetHints":{"allow":["GET"]}}],"collection":[{"href":"https:\/\/www.gasia.com.tr\/en\/wp-json\/wp\/v2\/product"}],"about":[{"href":"https:\/\/www.gasia.com.tr\/en\/wp-json\/wp\/v2\/types\/product"}],"replies":[{"embeddable":true,"href":"https:\/\/www.gasia.com.tr\/en\/wp-json\/wp\/v2\/comments?post=43936"}],"version-history":[{"count":1,"href":"https:\/\/www.gasia.com.tr\/en\/wp-json\/wp\/v2\/product\/43936\/revisions"}],"predecessor-version":[{"id":43938,"href":"https:\/\/www.gasia.com.tr\/en\/wp-json\/wp\/v2\/product\/43936\/revisions\/43938"}],"wp:featuredmedia":[{"embeddable":true,"href":"https:\/\/www.gasia.com.tr\/en\/wp-json\/wp\/v2\/media\/43937"}],"wp:attachment":[{"href":"https:\/\/www.gasia.com.tr\/en\/wp-json\/wp\/v2\/media?parent=43936"}],"wp:term":[{"taxonomy":"product_brand","embeddable":true,"href":"https:\/\/www.gasia.com.tr\/en\/wp-json\/wp\/v2\/product_brand?post=43936"},{"taxonomy":"product_cat","embeddable":true,"href":"https:\/\/www.gasia.com.tr\/en\/wp-json\/wp\/v2\/product_cat?post=43936"},{"taxonomy":"product_tag","embeddable":true,"href":"https:\/\/www.gasia.com.tr\/en\/wp-json\/wp\/v2\/product_tag?post=43936"}],"curies":[{"name":"wp","href":"https:\/\/api.w.org\/{rel}","templated":true}]}}