{"id":43954,"date":"2026-05-12T23:04:04","date_gmt":"2026-05-12T20:04:04","guid":{"rendered":"https:\/\/www.gasia.com.tr\/?post_type=product&#038;p=43954"},"modified":"2026-05-13T11:14:02","modified_gmt":"2026-05-13T08:14:02","slug":"dogal-sedef-cicek-ve-pirlanta-detayli-altin-kolye","status":"publish","type":"product","link":"https:\/\/www.gasia.com.tr\/en\/collections\/dogal-sedef-cicek-ve-pirlanta-detayli-altin-kolye\/","title":{"rendered":"Do\u011fal Sedef \u00c7i\u00e7ek ve P\u0131rlanta Detayl\u0131 18 Ayar Alt\u0131n Kolye"},"content":{"rendered":"<p>Do\u011fadan ilham alan zarif tasar\u0131m\u0131yla \u00f6ne \u00e7\u0131kan bu \u00f6zel kolye, do\u011fal ton ge\u00e7i\u015fli sedef \u00e7i\u00e7ek formu ve merkezde yer alan p\u0131rlanta detaylar\u0131yla sofistike bir \u015f\u0131kl\u0131k sunuyor. Alt\u0131n zincirle tamamlanan organik yaprak dokular\u0131, m\u00fccevhere s\u0131cak ve do\u011fal bir karakter kazand\u0131r\u0131rken \u0131\u015f\u0131k alt\u0131nda de\u011fi\u015fen sedef yans\u0131malar\u0131 tasar\u0131ma e\u015fsiz bir derinlik kat\u0131yor. G\u00fcnl\u00fck l\u00fcks stil ve \u00f6zel davet kombinleri i\u00e7in zarif ve zamans\u0131z bir tamamlay\u0131c\u0131d\u0131r.<\/p>","protected":false},"excerpt":{"rendered":"<ul>\n<li>18 Ayar Alt\u0131n<\/li>\n<li>0,09 ct P\u0131rlanta<\/li>\n<li>43 cm Uzunlu\u011funda Zincir<\/li>\n<li>Do\u011fal Gri Sedef<\/li>\n<\/ul>","protected":false},"featured_media":43956,"comment_status":"open","ping_status":"closed","template":"","meta":[],"product_brand":[2718],"product_cat":[75],"product_tag":[4530,3122,2703,352,3299,4534,1653,1637,4187,1655,4328,1606,1672,4531,1668,493,4532,4331,987,4345,2882,1405,4173,977,4533,4251,489,4126,2379,4514],"class_list":{"0":"post-43954","1":"product","2":"type-product","3":"status-publish","4":"has-post-thumbnail","6":"product_brand-gasia-casuals","7":"product_cat-kolye","8":"product_tag-altin-cicek-kolye","9":"product_tag-artistic-jewelry","10":"product_tag-cicek-kolye","11":"product_tag-contemporary-jewelry","12":"product_tag-designer-jewelry","13":"product_tag-diamond-flower-necklace","14":"product_tag-elegant-gold-necklace","15":"product_tag-elegant-necklace","16":"product_tag-exclusive-jewelry","17":"product_tag-fine-jewelry","18":"product_tag-floral-pendant-necklace","19":"product_tag-gold-pendant-necklace","20":"product_tag-handcrafted-jewelry","21":"product_tag-luxury-flower-necklace","22":"product_tag-luxury-jewelry","23":"product_tag-luxury-pendant","24":"product_tag-modern-floral-necklace","25":"product_tag-modern-luxury-necklace","26":"product_tag-mother-of-pearl-necklace","27":"product_tag-natural-shell-necklace","28":"product_tag-nature-inspired-jewelry","29":"product_tag-pirlantali-kolye","30":"product_tag-premium-jewelry","31":"product_tag-sedef-kolye","32":"product_tag-shell-flower-pendant","33":"product_tag-sophisticated-jewelry","34":"product_tag-statement-necklace","35":"product_tag-timeless-jewelry","36":"product_tag-unique-jewelry","37":"product_tag-women-luxury-necklace","38":"pa_cinsiyet-kadin","40":"first","41":"instock","42":"sale","43":"shipping-taxable","44":"purchasable","45":"product-type-simple"},"_links":{"self":[{"href":"https:\/\/www.gasia.com.tr\/en\/wp-json\/wp\/v2\/product\/43954","targetHints":{"allow":["GET"]}}],"collection":[{"href":"https:\/\/www.gasia.com.tr\/en\/wp-json\/wp\/v2\/product"}],"about":[{"href":"https:\/\/www.gasia.com.tr\/en\/wp-json\/wp\/v2\/types\/product"}],"replies":[{"embeddable":true,"href":"https:\/\/www.gasia.com.tr\/en\/wp-json\/wp\/v2\/comments?post=43954"}],"version-history":[{"count":4,"href":"https:\/\/www.gasia.com.tr\/en\/wp-json\/wp\/v2\/product\/43954\/revisions"}],"predecessor-version":[{"id":43964,"href":"https:\/\/www.gasia.com.tr\/en\/wp-json\/wp\/v2\/product\/43954\/revisions\/43964"}],"wp:featuredmedia":[{"embeddable":true,"href":"https:\/\/www.gasia.com.tr\/en\/wp-json\/wp\/v2\/media\/43956"}],"wp:attachment":[{"href":"https:\/\/www.gasia.com.tr\/en\/wp-json\/wp\/v2\/media?parent=43954"}],"wp:term":[{"taxonomy":"product_brand","embeddable":true,"href":"https:\/\/www.gasia.com.tr\/en\/wp-json\/wp\/v2\/product_brand?post=43954"},{"taxonomy":"product_cat","embeddable":true,"href":"https:\/\/www.gasia.com.tr\/en\/wp-json\/wp\/v2\/product_cat?post=43954"},{"taxonomy":"product_tag","embeddable":true,"href":"https:\/\/www.gasia.com.tr\/en\/wp-json\/wp\/v2\/product_tag?post=43954"}],"curies":[{"name":"wp","href":"https:\/\/api.w.org\/{rel}","templated":true}]}}